{"id":175,"date":"2024-10-23T20:25:50","date_gmt":"2024-10-23T20:25:50","guid":{"rendered":"https:\/\/krear-t.com\/KRT-MARKETING\/?page_id=175"},"modified":"2024-10-25T15:34:41","modified_gmt":"2024-10-25T15:34:41","slug":"paid-media","status":"publish","type":"page","link":"https:\/\/krear-t.com\/KRT-MARKETING\/paid-media\/","title":{"rendered":"Paid Media"},"content":{"rendered":"<p>[et_pb_section fb_built=\u00bb1&#8243; _builder_version=\u00bb4.24.2&#8243; _module_preset=\u00bbdefault\u00bb custom_padding=\u00bb0px||0px||true|false\u00bb global_colors_info=\u00bb{}\u00bb][et_pb_row _builder_version=\u00bb4.24.2&#8243; _module_preset=\u00bbdefault\u00bb width=\u00bb100%\u00bb max_width=\u00bb100%\u00bb custom_padding=\u00bb0px||0px||true|false\u00bb global_colors_info=\u00bb{}\u00bb][et_pb_column type=\u00bb4_4&#8243; _builder_version=\u00bb4.24.2&#8243; _module_preset=\u00bbdefault\u00bb global_colors_info=\u00bb{}\u00bb][et_pb_slider _builder_version=\u00bb4.24.2&#8243; _module_preset=\u00bbdefault\u00bb hover_transition_duration=\u00bb0ms\u00bb hover_enabled=\u00bb0&#8243; global_colors_info=\u00bb{}\u00bb custom_css_slide_button__hover_enabled=\u00bboff|desktop\u00bb sticky_enabled=\u00bb0&#8243;][et_pb_slide button_text=\u00bbCON\u00d3CENOS\u00bb use_bg_overlay=\u00bbon\u00bb use_text_overlay=\u00bboff\u00bb arrows_custom_color=\u00bb#000000&#8243; dot_nav_custom_color=\u00bb#FFFFFF\u00bb _builder_version=\u00bb4.24.2&#8243; _module_preset=\u00bbdefault\u00bb header_level=\u00bbh1&#8243; header_font=\u00bb||||||||\u00bb header_text_align=\u00bbleft\u00bb header_font_size=\u00bb3.5em\u00bb header_letter_spacing=\u00bb0px\u00bb body_font=\u00bbrethinksans-extrabold|600||on|||||\u00bb body_text_align=\u00bbleft\u00bb body_text_color=\u00bb#FFFFFF\u00bb body_font_size=\u00bb3em\u00bb body_line_height=\u00bb80px\u00bb background_color=\u00bbrgba(0,0,0,0.54)\u00bb background_enable_color=\u00bbon\u00bb background_image=\u00bbhttps:\/\/krear-t.com\/KRT-MARKETING\/wp-content\/uploads\/2024\/10\/online-marketing-commercial-connection-technology-scaled.jpg\u00bb background_enable_image=\u00bbon\u00bb background_blend=\u00bboverlay\u00bb custom_button=\u00bbon\u00bb button_text_color=\u00bb#000000&#8243; button_bg_color=\u00bb#E09900&#8243; button_border_color=\u00bbRGBA(255,255,255,0)\u00bb button_border_radius=\u00bb50px\u00bb button_font=\u00bb|700|||||||\u00bb button_use_icon=\u00bboff\u00bb button_custom_padding=\u00bb|5%||5%|false|true\u00bb text_orientation=\u00bbleft\u00bb custom_padding=\u00bb40%||11%||false|false\u00bb hover_enabled=\u00bb0&#8243; header_font_size_tablet=\u00bb5em\u00bb header_font_size_phone=\u00bb2em\u00bb header_font_size_last_edited=\u00bbon|desktop\u00bb body_font_size_tablet=\u00bb5em\u00bb body_font_size_phone=\u00bb2em\u00bb body_font_size_last_edited=\u00bbon|phone\u00bb custom_css_main_element=\u00bbmargin-left: 0;||\u00bb custom_css_slide_title=\u00bb||\u00bb custom_css_slide_container=\u00bbwidth: 50%;||float: left;\u00bb header_text_shadow_style=\u00bbpreset4&#8243; body_text_shadow_style=\u00bbpreset1&#8243; global_colors_info=\u00bb{}\u00bb custom_css_slide_button__hover_enabled=\u00bboff|desktop\u00bb button_bg_color__hover_enabled=\u00bbon|hover\u00bb button_bg_color__hover=\u00bb#000000&#8243; button_bg_enable_color__hover=\u00bbon\u00bb button_text_color__hover_enabled=\u00bbon|desktop\u00bb button_text_color__hover=\u00bb#FFFFFF\u00bb sticky_transition=\u00bbon\u00bb button_link=\u00bbhttps:\/\/krear-t.com\/KRT-MARKETING\/nosotros\/\u00bb sticky_enabled=\u00bb0&#8243;]<\/p>\n<p>HAZ QUE TU MARCA LLEGUE A TODOS LOS LUGARES<\/p>\n<p>[\/et_pb_slide][\/et_pb_slider][\/et_pb_column][\/et_pb_row][\/et_pb_section][et_pb_section fb_built=\u00bb1&#8243; _builder_version=\u00bb4.24.2&#8243; _module_preset=\u00bbdefault\u00bb custom_padding=\u00bb0px||0px||true|false\u00bb global_colors_info=\u00bb{}\u00bb][et_pb_row column_structure=\u00bb1_3,1_3,1_3&#8243; use_custom_gutter=\u00bbon\u00bb make_equal=\u00bbon\u00bb _builder_version=\u00bb4.24.2&#8243; _module_preset=\u00bbdefault\u00bb width=\u00bb100%\u00bb max_width=\u00bb90%\u00bb global_colors_info=\u00bb{}\u00bb][et_pb_column type=\u00bb1_3&#8243; _builder_version=\u00bb4.24.2&#8243; _module_preset=\u00bbdefault\u00bb global_colors_info=\u00bb{}\u00bb][et_pb_text _builder_version=\u00bb4.24.2&#8243; _module_preset=\u00bbdefault\u00bb header_2_font=\u00bbrethinksans-extrabold||||||||\u00bb header_2_text_color=\u00bb#000000&#8243; header_2_font_size=\u00bb4em\u00bb custom_css_free_form=\u00bbselector .social {||  color: #e09900 !important;||}||\u00bb global_colors_info=\u00bb{}\u00bb]<\/p>\n<h2>LLEGA A TU CLIENTE IDEAL CON <span class=\"social\">\u00a1PUBLICIDAD DIGITAL!<\/span><\/h2>\n<p>[\/et_pb_text][\/et_pb_column][et_pb_column type=\u00bb1_3&#8243; _builder_version=\u00bb4.24.2&#8243; _module_preset=\u00bbdefault\u00bb custom_css_main_element=\u00bbdisplay: flex;||flex-direction: column;||justify-content: center;\u00bb global_colors_info=\u00bb{}\u00bb][et_pb_blurb title=\u00bbESTRATEGIA\u00bb use_icon=\u00bbon\u00bb font_icon=\u00bb&#xf201;||fa||900&#8243; icon_color=\u00bb#bd5d00&#8243; _builder_version=\u00bb4.24.2&#8243; _module_preset=\u00bbdefault\u00bb header_level=\u00bbh2&#8243; header_font=\u00bbrethinksans-extrabold||||||||\u00bb header_text_color=\u00bb#000000&#8243; header_font_size=\u00bb2em\u00bb body_font=\u00bbrethinksans-regular||||||||\u00bb body_text_color=\u00bb#000000&#8243; body_font_size=\u00bb1.1em\u00bb global_colors_info=\u00bb{}\u00bb title__hover_enabled=\u00bboff|desktop\u00bb]<\/p>\n<p><span>Nos enfocamos en entender tu marca y conocer a tu audiencia para llegar a ella en el momento indicado.<\/span><\/p>\n<p>[\/et_pb_blurb][\/et_pb_column][et_pb_column type=\u00bb1_3&#8243; _builder_version=\u00bb4.24.2&#8243; _module_preset=\u00bbdefault\u00bb custom_css_main_element=\u00bbdisplay: flex;||flex-direction: column;||justify-content: center;\u00bb global_colors_info=\u00bb{}\u00bb][et_pb_blurb title=\u00bbGESTI\u00d3N\u00bb use_icon=\u00bbon\u00bb font_icon=\u00bb&#xf0c0;||fa||900&#8243; icon_color=\u00bb#bd5d00&#8243; _builder_version=\u00bb4.24.2&#8243; _module_preset=\u00bbdefault\u00bb header_level=\u00bbh2&#8243; header_font=\u00bbrethinksans-extrabold||||||||\u00bb header_text_color=\u00bb#000000&#8243; header_font_size=\u00bb2em\u00bb body_font=\u00bbrethinksans-regular||||||||\u00bb body_text_color=\u00bb#000000&#8243; body_font_size=\u00bb1.1em\u00bb global_colors_info=\u00bb{}\u00bb title__hover_enabled=\u00bboff|desktop\u00bb]<\/p>\n<p><span>Nuestro objetivo es optimizar estrat\u00e9gicamente tus campa\u00f1as de anuncios mediante la gesti\u00f3n de su segmentaci\u00f3n para alcanzar el mayor potencial de tu inversi\u00f3n.<\/span><\/p>\n<p>[\/et_pb_blurb][\/et_pb_column][\/et_pb_row][\/et_pb_section][et_pb_section fb_built=\u00bb1&#8243; _builder_version=\u00bb4.24.2&#8243; _module_preset=\u00bbdefault\u00bb custom_padding=\u00bb0px||0px||true|false\u00bb global_colors_info=\u00bb{}\u00bb][et_pb_row column_structure=\u00bb1_3,2_3&#8243; make_equal=\u00bbon\u00bb _builder_version=\u00bb4.24.2&#8243; _module_preset=\u00bbdefault\u00bb width=\u00bb100%\u00bb max_width=\u00bb90%\u00bb global_colors_info=\u00bb{}\u00bb][et_pb_column type=\u00bb1_3&#8243; _builder_version=\u00bb4.24.2&#8243; _module_preset=\u00bbdefault\u00bb global_colors_info=\u00bb{}\u00bb][et_pb_image src=\u00bbhttps:\/\/krear-t.com\/KRT-MARKETING\/wp-content\/uploads\/2024\/10\/pexels-cottonbro-7350905-scaled-e1729783983727.jpg\u00bb title_text=\u00bbpexels-cottonbro-7350905&#8243; _builder_version=\u00bb4.24.2&#8243; _module_preset=\u00bbdefault\u00bb global_colors_info=\u00bb{}\u00bb][\/et_pb_image][\/et_pb_column][et_pb_column type=\u00bb2_3&#8243; _builder_version=\u00bb4.24.2&#8243; _module_preset=\u00bbdefault\u00bb custom_css_main_element=\u00bbdisplay: flex;||flex-direction: column;||justify-content: center;\u00bb global_colors_info=\u00bb{}\u00bb][et_pb_text _builder_version=\u00bb4.24.2&#8243; _module_preset=\u00bbdefault\u00bb header_3_font=\u00bbrethinksans-extrabold||||||||\u00bb header_3_text_color=\u00bb#000000&#8243; header_3_font_size=\u00bb4em\u00bb custom_css_free_form=\u00bb.subrayado { ||position: relative;||}||||.subrayado::after {||content: \u00bb;||position: absolute;||left: 0;||right: 0;||bottom: 10px;||height: 10px;||background-color: #e09900;||z-index: -1;||}\u00bb global_colors_info=\u00bb{}\u00bb]<\/p>\n<h3><span class=\"subrayado\">GOOGLE ADS<\/span><\/h3>\n<p>[\/et_pb_text][et_pb_text _builder_version=\u00bb4.24.2&#8243; _module_preset=\u00bbdefault\u00bb text_font=\u00bbrethinksans-regular||||||||\u00bb text_text_color=\u00bb#000000&#8243; text_font_size=\u00bb1.4em\u00bb max_width=\u00bb80%\u00bb custom_css_main_element=\u00bbfont-weight: 100;\u00bb global_colors_info=\u00bb{}\u00bb]<\/p>\n<p><span>En Google aprovechamos el poder de la segmentaci\u00f3n, palabras claves y el control de tu inversi\u00f3n para obtener resultados medibles que nos ayudar\u00e1n a optimizar tus campa\u00f1as de manera constante.<\/span><\/p>\n<p>Adem\u00e1s aprovechamos todo el potencial de la plataforma utilizando recursos como la automatizaci\u00f3n, el aprendizaje autom\u00e1tico y la inteligencia artificial para potenciar tus anuncios y alcanzar tus metas.<\/p>\n<p>[\/et_pb_text][\/et_pb_column][\/et_pb_row][et_pb_row column_structure=\u00bb2_3,1_3&#8243; make_equal=\u00bbon\u00bb _builder_version=\u00bb4.24.2&#8243; _module_preset=\u00bbdefault\u00bb width=\u00bb100%\u00bb max_width=\u00bb90%\u00bb global_colors_info=\u00bb{}\u00bb][et_pb_column type=\u00bb2_3&#8243; _builder_version=\u00bb4.24.2&#8243; _module_preset=\u00bbdefault\u00bb custom_css_main_element=\u00bbdisplay: flex;||flex-direction: column;||justify-content: center;\u00bb global_colors_info=\u00bb{}\u00bb][et_pb_text _builder_version=\u00bb4.24.2&#8243; _module_preset=\u00bbdefault\u00bb header_3_font=\u00bbrethinksans-extrabold||||||||\u00bb header_3_text_color=\u00bb#000000&#8243; header_3_font_size=\u00bb4em\u00bb locked=\u00bboff\u00bb global_colors_info=\u00bb{}\u00bb]<\/p>\n<h3><span class=\"subrayado\">SOCIAL MEDIA ADS<\/span><\/h3>\n<p>[\/et_pb_text][et_pb_text _builder_version=\u00bb4.24.2&#8243; _module_preset=\u00bbdefault\u00bb text_font=\u00bbrethinksans-regular||||||||\u00bb text_text_color=\u00bb#000000&#8243; text_font_size=\u00bb1.4em\u00bb max_width=\u00bb80%\u00bb custom_css_main_element=\u00bbfont-weight: 100;\u00bb locked=\u00bboff\u00bb global_colors_info=\u00bb{}\u00bb]<\/p>\n<p><span>\u00a1No olvides el poder de las redes sociales! Llega a tu comunidad mediante la segmentaci\u00f3n de audiencias. Te ayudamos a mejorar tu visibilidad y convertir m\u00e1s.<\/span><\/p>\n<p>[\/et_pb_text][\/et_pb_column][et_pb_column type=\u00bb1_3&#8243; _builder_version=\u00bb4.24.2&#8243; _module_preset=\u00bbdefault\u00bb global_colors_info=\u00bb{}\u00bb][et_pb_image src=\u00bbhttps:\/\/krear-t.com\/KRT-MARKETING\/wp-content\/uploads\/2024\/10\/pexels-cottonbro-5081917-scaled-e1729787794631.jpg\u00bb _builder_version=\u00bb4.24.2&#8243; _module_preset=\u00bbdefault\u00bb global_colors_info=\u00bb{}\u00bb][\/et_pb_image][\/et_pb_column][\/et_pb_row][\/et_pb_section][et_pb_section fb_built=\u00bb1&#8243; _builder_version=\u00bb4.24.2&#8243; _module_preset=\u00bbdefault\u00bb background_color=\u00bb#eeeeee\u00bb custom_padding=\u00bb0px||0px||true|false\u00bb global_colors_info=\u00bb{}\u00bb][et_pb_row column_structure=\u00bb1_2,1_2&#8243; make_equal=\u00bbon\u00bb _builder_version=\u00bb4.24.2&#8243; _module_preset=\u00bbdefault\u00bb global_colors_info=\u00bb{}\u00bb][et_pb_column type=\u00bb1_2&#8243; _builder_version=\u00bb4.24.2&#8243; _module_preset=\u00bbdefault\u00bb global_colors_info=\u00bb{}\u00bb][et_pb_image src=\u00bbhttps:\/\/krear-t.com\/KRT-MARKETING\/wp-content\/uploads\/2024\/10\/Google.webp\u00bb align=\u00bbcenter\u00bb _builder_version=\u00bb4.24.2&#8243; _module_preset=\u00bbdefault\u00bb height=\u00bb45px\u00bb global_colors_info=\u00bb{}\u00bb][\/et_pb_image][\/et_pb_column][et_pb_column type=\u00bb1_2&#8243; _builder_version=\u00bb4.24.2&#8243; _module_preset=\u00bbdefault\u00bb global_colors_info=\u00bb{}\u00bb][et_pb_image src=\u00bbhttps:\/\/krear-t.com\/KRT-MARKETING\/wp-content\/uploads\/2024\/10\/meta-logo-3.png\u00bb align=\u00bbcenter\u00bb _builder_version=\u00bb4.24.2&#8243; _module_preset=\u00bbdefault\u00bb height=\u00bb45px\u00bb global_colors_info=\u00bb{}\u00bb][\/et_pb_image][\/et_pb_column][\/et_pb_row][\/et_pb_section][et_pb_section fb_built=\u00bb1&#8243; _builder_version=\u00bb4.24.2&#8243; _module_preset=\u00bbdefault\u00bb background_color=\u00bbrgba(0,0,0,0.7)\u00bb background_image=\u00bbhttps:\/\/krear-t.com\/KRT-MARKETING\/wp-content\/uploads\/2024\/10\/pexels-goumbik-577210-scaled.jpg\u00bb background_blend=\u00bbmultiply\u00bb height=\u00bb500px\u00bb custom_css_main_element=\u00bbbackground-attachment: fixed;\u00bb locked=\u00bboff\u00bb global_colors_info=\u00bb{}\u00bb][et_pb_row _builder_version=\u00bb4.24.2&#8243; _module_preset=\u00bbdefault\u00bb width=\u00bb100%\u00bb max_width=\u00bb90%\u00bb height=\u00bb100%\u00bb custom_padding=\u00bb0px||0px||true|false\u00bb custom_css_main_element=\u00bbdisplay: flex;||flex-direction: column;||justify-content: center;\u00bb border_width_all=\u00bb10px\u00bb border_color_all=\u00bb#FFFFFF\u00bb global_colors_info=\u00bb{}\u00bb][et_pb_column type=\u00bb4_4&#8243; _builder_version=\u00bb4.24.2&#8243; _module_preset=\u00bbdefault\u00bb global_colors_info=\u00bb{}\u00bb][et_pb_text _builder_version=\u00bb4.24.2&#8243; _module_preset=\u00bbdefault\u00bb text_font=\u00bbrethinksans-extrabold||||||||\u00bb text_text_color=\u00bb#E09900&#8243; text_font_size=\u00bb3em\u00bb text_orientation=\u00bbcenter\u00bb global_colors_info=\u00bb{}\u00bb]<\/p>\n<p>TRABAJEMOS JUNTOS<\/p>\n<p>[\/et_pb_text][et_pb_text _builder_version=\u00bb4.24.2&#8243; _module_preset=\u00bbdefault\u00bb text_font=\u00bbrethinksans-extrabold||||||||\u00bb text_text_color=\u00bb#FFFFFF\u00bb text_font_size=\u00bb3em\u00bb text_orientation=\u00bbcenter\u00bb global_colors_info=\u00bb{}\u00bb]<\/p>\n<p>TU CAMPA\u00d1A DE ANUNCIOS<\/p>\n<p>[\/et_pb_text][\/et_pb_column][\/et_pb_row][\/et_pb_section]<\/p>\n","protected":false},"excerpt":{"rendered":"<p>HAZ QUE TU MARCA LLEGUE A TODOS LOS LUGARESLLEGA A TU CLIENTE IDEAL CON \u00a1PUBLICIDAD DIGITAL!Nos enfocamos en entender tu marca y conocer a tu audiencia para llegar a ella en el momento indicado.Nuestro objetivo es optimizar estrat\u00e9gicamente tus campa\u00f1as de anuncios mediante la gesti\u00f3n de su segmentaci\u00f3n para alcanzar el mayor potencial de tu [&hellip;]<\/p>\n","protected":false},"author":1,"featured_media":0,"parent":0,"menu_order":0,"comment_status":"closed","ping_status":"closed","template":"","meta":{"_et_pb_use_builder":"on","_et_pb_old_content":"","_et_gb_content_width":"","footnotes":""},"class_list":["post-175","page","type-page","status-publish","hentry"],"_links":{"self":[{"href":"https:\/\/krear-t.com\/KRT-MARKETING\/wp-json\/wp\/v2\/pages\/175","targetHints":{"allow":["GET"]}}],"collection":[{"href":"https:\/\/krear-t.com\/KRT-MARKETING\/wp-json\/wp\/v2\/pages"}],"about":[{"href":"https:\/\/krear-t.com\/KRT-MARKETING\/wp-json\/wp\/v2\/types\/page"}],"author":[{"embeddable":true,"href":"https:\/\/krear-t.com\/KRT-MARKETING\/wp-json\/wp\/v2\/users\/1"}],"replies":[{"embeddable":true,"href":"https:\/\/krear-t.com\/KRT-MARKETING\/wp-json\/wp\/v2\/comments?post=175"}],"version-history":[{"count":14,"href":"https:\/\/krear-t.com\/KRT-MARKETING\/wp-json\/wp\/v2\/pages\/175\/revisions"}],"predecessor-version":[{"id":345,"href":"https:\/\/krear-t.com\/KRT-MARKETING\/wp-json\/wp\/v2\/pages\/175\/revisions\/345"}],"wp:attachment":[{"href":"https:\/\/krear-t.com\/KRT-MARKETING\/wp-json\/wp\/v2\/media?parent=175"}],"curies":[{"name":"wp","href":"https:\/\/api.w.org\/{rel}","templated":true}]}}