{"id":20,"date":"2024-10-22T15:27:09","date_gmt":"2024-10-22T15:27:09","guid":{"rendered":"https:\/\/krear-t.com\/KRT-MARKETING\/?page_id=20"},"modified":"2024-10-25T15:37:47","modified_gmt":"2024-10-25T15:37:47","slug":"inicio","status":"publish","type":"page","link":"https:\/\/krear-t.com\/KRT-MARKETING\/","title":{"rendered":"Inicio"},"content":{"rendered":"<p>[et_pb_section fb_built=\u00bb1&#8243; _builder_version=\u00bb4.24.2&#8243; _module_preset=\u00bbdefault\u00bb custom_padding=\u00bb0px||0px||true|false\u00bb global_colors_info=\u00bb{}\u00bb][et_pb_row admin_label=\u00bbFila\u00bb _builder_version=\u00bb4.24.2&#8243; _module_preset=\u00bbdefault\u00bb width=\u00bb100%\u00bb max_width=\u00bb100%\u00bb custom_padding=\u00bb0px||0px||true|false\u00bb global_colors_info=\u00bb{}\u00bb][et_pb_column type=\u00bb4_4&#8243; _builder_version=\u00bb4.24.2&#8243; _module_preset=\u00bbdefault\u00bb global_colors_info=\u00bb{}\u00bb][et_pb_slider _builder_version=\u00bb4.24.2&#8243; _module_preset=\u00bbdefault\u00bb hover_transition_duration=\u00bb0ms\u00bb global_colors_info=\u00bb{}\u00bb custom_css_slide_button__hover_enabled=\u00bboff|desktop\u00bb][et_pb_slide button_text=\u00bbCON\u00d3CENOS\u00bb button_link=\u00bbhttps:\/\/krear-t.com\/KRT-MARKETING\/nosotros\/\u00bb use_bg_overlay=\u00bbon\u00bb use_text_overlay=\u00bboff\u00bb arrows_custom_color=\u00bb#000000&#8243; dot_nav_custom_color=\u00bb#FFFFFF\u00bb _builder_version=\u00bb4.24.2&#8243; _module_preset=\u00bbdefault\u00bb header_level=\u00bbh1&#8243; header_font=\u00bb||||||||\u00bb header_text_align=\u00bbleft\u00bb header_font_size=\u00bb3.5em\u00bb header_letter_spacing=\u00bb0px\u00bb body_font=\u00bbrethinksans-extrabold|600||on|||||\u00bb body_text_align=\u00bbleft\u00bb body_text_color=\u00bb#FFFFFF\u00bb body_font_size=\u00bb3em\u00bb body_line_height=\u00bb80px\u00bb background_color=\u00bbRGBA(255,255,255,0)\u00bb background_enable_color=\u00bbon\u00bb background_image=\u00bbhttps:\/\/krear-t.com\/KRT-MARKETING\/wp-content\/uploads\/2024\/10\/pexels-shkrabaanthony-4990527-scaled.jpg\u00bb background_enable_image=\u00bbon\u00bb background_blend=\u00bboverlay\u00bb custom_button=\u00bbon\u00bb button_text_color=\u00bb#000000&#8243; button_bg_color=\u00bb#E09900&#8243; button_border_color=\u00bbRGBA(255,255,255,0)\u00bb button_border_radius=\u00bb50px\u00bb button_font=\u00bbrethinksans-regular|900|||||||\u00bb button_use_icon=\u00bboff\u00bb button_custom_padding=\u00bb|5%||5%|false|true\u00bb text_orientation=\u00bbleft\u00bb custom_padding=\u00bb40%||11%||false|false\u00bb header_font_size_tablet=\u00bb5em\u00bb header_font_size_phone=\u00bb2em\u00bb header_font_size_last_edited=\u00bbon|desktop\u00bb body_font_size_tablet=\u00bb5em\u00bb body_font_size_phone=\u00bb2em\u00bb body_font_size_last_edited=\u00bbon|phone\u00bb custom_css_main_element=\u00bbmargin-left: 0;||\u00bb custom_css_slide_title=\u00bb||\u00bb custom_css_slide_container=\u00bbwidth: 50%;||float: left;\u00bb header_text_shadow_style=\u00bbpreset4&#8243; body_text_shadow_style=\u00bbpreset1&#8243; global_colors_info=\u00bb{}\u00bb custom_css_slide_button__hover_enabled=\u00bboff|desktop\u00bb button_bg_color__hover_enabled=\u00bbon|hover\u00bb button_bg_color__hover=\u00bb#000000&#8243; button_bg_enable_color__hover=\u00bbon\u00bb button_text_color__hover_enabled=\u00bbon|desktop\u00bb button_text_color__hover=\u00bb#FFFFFF\u00bb sticky_transition=\u00bbon\u00bb]<\/p>\n<p>SOMOS TU SOCIO ESTRAT\u00c9GICO EN TODA LATAM<\/p>\n<p>[\/et_pb_slide][\/et_pb_slider][\/et_pb_column][\/et_pb_row][\/et_pb_section][et_pb_section fb_built=\u00bb1&#8243; _builder_version=\u00bb4.24.2&#8243; _module_preset=\u00bbdefault\u00bb custom_padding=\u00bb0px||0px||true|false\u00bb global_colors_info=\u00bb{}\u00bb][et_pb_row _builder_version=\u00bb4.24.2&#8243; _module_preset=\u00bbdefault\u00bb width=\u00bb90%\u00bb max_width=\u00bb90%\u00bb global_colors_info=\u00bb{}\u00bb][et_pb_column type=\u00bb4_4&#8243; _builder_version=\u00bb4.24.2&#8243; _module_preset=\u00bbdefault\u00bb global_colors_info=\u00bb{}\u00bb][et_pb_text _builder_version=\u00bb4.24.2&#8243; _module_preset=\u00bbdefault\u00bb text_font=\u00bbrethinksans-regular||||||||\u00bb header_font=\u00bbrethinksans-extrabold|700|||||||\u00bb header_text_align=\u00bbcenter\u00bb header_text_color=\u00bb#E09900&#8243; header_font_size=\u00bb3em\u00bb custom_margin=\u00bb||19px|||\u00bb global_colors_info=\u00bb{}\u00bb]<\/p>\n<h1>\u00bfQu\u00e9 soluciones ofrecemos?<\/h1>\n<p>[\/et_pb_text][et_pb_text _builder_version=\u00bb4.24.2&#8243; _module_preset=\u00bbdefault\u00bb text_font=\u00bbrethinksans-regular|600|||||||\u00bb text_text_color=\u00bb#000000&#8243; text_font_size=\u00bb1.3em\u00bb text_orientation=\u00bbcenter\u00bb custom_margin=\u00bb||-1px|||\u00bb custom_padding=\u00bb0px||0px||true|false\u00bb global_colors_info=\u00bb{}\u00bb]<\/p>\n<p>\u00a1Somos los mejores y queremos que t\u00fa tambi\u00e9n lo seas!<\/p>\n<p>[\/et_pb_text][et_pb_text _builder_version=\u00bb4.24.2&#8243; _module_preset=\u00bbdefault\u00bb text_font=\u00bbrethinksans-regular|300|||||||\u00bb text_text_color=\u00bb#000000&#8243; text_font_size=\u00bb1.2em\u00bb text_orientation=\u00bbcenter\u00bb custom_css_free_form=\u00bb.subrayado {||    position: relative;||}||||.subrayado::after {||    content: \u00bb;||    position: absolute;||    left: 0;||    right: 0;||    bottom: 1px;||    height: 3px;||    background-color: #e09900; ||    z-index: -1;||}\u00bb global_colors_info=\u00bb{}\u00bb]<\/p>\n<p>En <span class=\"subrayado\">Krear-t Marketing 360<\/span> nos enfocamos en desarrollar soluciones personalizadas y\u00a0 entregar resultados de calidad.<\/p>\n<p>[\/et_pb_text][\/et_pb_column][\/et_pb_row][\/et_pb_section][et_pb_section fb_built=\u00bb1&#8243; admin_label=\u00bbSecci\u00f3n\u00bb _builder_version=\u00bb4.24.2&#8243; _module_preset=\u00bbdefault\u00bb custom_padding=\u00bb0px||0px||true|false\u00bb global_colors_info=\u00bb{}\u00bb][et_pb_row column_structure=\u00bb1_3,1_3,1_3&#8243; use_custom_gutter=\u00bbon\u00bb gutter_width=\u00bb2&#8243; make_equal=\u00bbon\u00bb module_class=\u00bbov-fancy-hover\u00bb _builder_version=\u00bb4.24.2&#8243; _module_preset=\u00bbdefault\u00bb width=\u00bb90%\u00bb max_width=\u00bb90%\u00bb custom_padding=\u00bb2%||1%||false|false\u00bb global_colors_info=\u00bb{}\u00bb][et_pb_column type=\u00bb1_3&#8243; _builder_version=\u00bb4.24.2&#8243; _module_preset=\u00bbdefault\u00bb link_option_url=\u00bbhttps:\/\/krear-t.com\/KRT-MARKETING\/audiovisual\/\u00bb custom_css_main_element=\u00bbdisplay: flex;||flex-direction: column;||justify-content: flex-end;||aspect-ratio: 1\/1;||overflow: hidden;||padding: 0 25px;||\u00bb global_colors_info=\u00bb{}\u00bb][et_pb_text module_class=\u00bbnombre\u00bb _builder_version=\u00bb4.24.2&#8243; _module_preset=\u00bbdefault\u00bb text_font=\u00bbrethinksans-extrabold|700|||||||\u00bb text_text_color=\u00bb#FFFFFF\u00bb text_font_size=\u00bb2em\u00bb link_option_url=\u00bbhttps:\/\/krear-t.com\/KRT-MARKETING\/audiovisual\/\u00bb text_text_shadow_style=\u00bbpreset1&#8243; global_colors_info=\u00bb{}\u00bb]<\/p>\n<p>PRODUCCI\u00d3N AUDIOVISUAL<\/p>\n<p>[\/et_pb_text][et_pb_text module_class=\u00bbpuesto\u00bb _builder_version=\u00bb4.24.2&#8243; _module_preset=\u00bbdefault\u00bb text_font=\u00bbrethinksans-regular|600|||||||\u00bb text_text_color=\u00bb#FFFFFF\u00bb text_font_size=\u00bb1.2em\u00bb text_text_shadow_style=\u00bbpreset1&#8243; global_colors_info=\u00bb{}\u00bb]<\/p>\n<p>\u00a1Impulsa tu marca de maneras creativas!<\/p>\n<p>[\/et_pb_text][et_pb_image src=\u00bbhttps:\/\/krear-t.com\/KRT-MARKETING\/wp-content\/uploads\/2024\/10\/pexels-caleboquendo-2918590-scaled-e1729613000473.jpg\u00bb url=\u00bbhttps:\/\/krear-t.com\/KRT-MARKETING\/audiovisual\/\u00bb force_fullwidth=\u00bbon\u00bb module_class=\u00bbimagen\u00bb _builder_version=\u00bb4.24.2&#8243; _module_preset=\u00bbdefault\u00bb positioning=\u00bbabsolute\u00bb z_index=\u00bb-1&#8243; global_colors_info=\u00bb{}\u00bb][\/et_pb_image][\/et_pb_column][et_pb_column type=\u00bb1_3&#8243; _builder_version=\u00bb4.24.2&#8243; _module_preset=\u00bbdefault\u00bb link_option_url=\u00bbhttps:\/\/krear-t.com\/KRT-MARKETING\/marketing-seo\/\u00bb custom_css_main_element=\u00bbdisplay: flex;||flex-direction: column;||justify-content: flex-end;||aspect-ratio: 1\/1;||overflow: hidden;||padding: 0 25px;||\u00bb global_colors_info=\u00bb{}\u00bb][et_pb_text module_class=\u00bbnombre\u00bb _builder_version=\u00bb4.24.2&#8243; _module_preset=\u00bbdefault\u00bb text_font=\u00bbrethinksans-extrabold|700|||||||\u00bb text_text_color=\u00bb#FFFFFF\u00bb text_font_size=\u00bb2em\u00bb link_option_url=\u00bbhttps:\/\/krear-t.com\/KRT-MARKETING\/marketing-seo\/\u00bb text_text_shadow_style=\u00bbpreset1&#8243; global_colors_info=\u00bb{}\u00bb]<\/p>\n<p>POSICIONAMIENTO SEO<\/p>\n<p>[\/et_pb_text][et_pb_text module_class=\u00bbpuesto\u00bb _builder_version=\u00bb4.24.2&#8243; _module_preset=\u00bbdefault\u00bb text_font=\u00bbrethinksans-regular|600|||||||\u00bb text_text_color=\u00bb#FFFFFF\u00bb text_font_size=\u00bb1.2em\u00bb text_text_shadow_style=\u00bbpreset1&#8243; global_colors_info=\u00bb{}\u00bb]<\/p>\n<p>\u00a1Posiciona tu web y genera negocio de manera org\u00e1nica!<\/p>\n<p>[\/et_pb_text][et_pb_image src=\u00bbhttps:\/\/krear-t.com\/KRT-MARKETING\/wp-content\/uploads\/2024\/10\/pexels-flodahm-699459-scaled-e1729611934164.jpg\u00bb url=\u00bbhttps:\/\/krear-t.com\/KRT-MARKETING\/marketing-seo\/\u00bb force_fullwidth=\u00bbon\u00bb module_class=\u00bbimagen\u00bb _builder_version=\u00bb4.24.2&#8243; _module_preset=\u00bbdefault\u00bb positioning=\u00bbabsolute\u00bb z_index=\u00bb-1&#8243; global_colors_info=\u00bb{}\u00bb][\/et_pb_image][\/et_pb_column][et_pb_column type=\u00bb1_3&#8243; _builder_version=\u00bb4.24.2&#8243; _module_preset=\u00bbdefault\u00bb link_option_url=\u00bbhttps:\/\/krear-t.com\/KRT-MARKETING\/paid-media\/\u00bb custom_css_main_element=\u00bbdisplay: flex;||flex-direction: column;||justify-content: flex-end;||aspect-ratio: 1\/1;||overflow: hidden;||padding: 0 25px;||\u00bb global_colors_info=\u00bb{}\u00bb][et_pb_text module_class=\u00bbnombre\u00bb _builder_version=\u00bb4.24.2&#8243; _module_preset=\u00bbdefault\u00bb text_font=\u00bbrethinksans-extrabold|700|||||||\u00bb text_text_color=\u00bb#FFFFFF\u00bb text_font_size=\u00bb2em\u00bb link_option_url=\u00bbhttps:\/\/krear-t.com\/KRT-MARKETING\/paid-media\/\u00bb text_text_shadow_style=\u00bbpreset1&#8243; global_colors_info=\u00bb{}\u00bb]<\/p>\n<p>PAID MEDIA<\/p>\n<p>[\/et_pb_text][et_pb_text module_class=\u00bbpuesto\u00bb _builder_version=\u00bb4.24.2&#8243; _module_preset=\u00bbdefault\u00bb text_font=\u00bbrethinksans-regular|600|||||||\u00bb text_text_color=\u00bb#FFFFFF\u00bb text_font_size=\u00bb1.2em\u00bb text_text_shadow_style=\u00bbpreset1&#8243; global_colors_info=\u00bb{}\u00bb]<\/p>\n<p>\u00a1Llega a tu cliente ideal con publicidad digital!<\/p>\n<p>[\/et_pb_text][et_pb_image src=\u00bbhttps:\/\/krear-t.com\/KRT-MARKETING\/wp-content\/uploads\/2024\/10\/pexels-tiger-lily-7108046-scaled-e1729612188779.jpg\u00bb url=\u00bbhttps:\/\/krear-t.com\/KRT-MARKETING\/paid-media\/\u00bb force_fullwidth=\u00bbon\u00bb module_class=\u00bbimagen\u00bb _builder_version=\u00bb4.24.2&#8243; _module_preset=\u00bbdefault\u00bb positioning=\u00bbabsolute\u00bb z_index=\u00bb-1&#8243; global_colors_info=\u00bb{}\u00bb][\/et_pb_image][\/et_pb_column][\/et_pb_row][et_pb_row column_structure=\u00bb1_3,1_3,1_3&#8243; use_custom_gutter=\u00bbon\u00bb gutter_width=\u00bb2&#8243; make_equal=\u00bbon\u00bb module_class=\u00bbov-fancy-hover\u00bb _builder_version=\u00bb4.24.2&#8243; _module_preset=\u00bbdefault\u00bb width=\u00bb90%\u00bb max_width=\u00bb90%\u00bb custom_padding=\u00bb1%||2%||false|false\u00bb global_colors_info=\u00bb{}\u00bb][et_pb_column type=\u00bb1_3&#8243; _builder_version=\u00bb4.24.2&#8243; _module_preset=\u00bbdefault\u00bb link_option_url=\u00bbhttps:\/\/krear-t.com\/KRT-MARKETING\/contenidos\/\u00bb custom_css_main_element=\u00bbdisplay: flex;||flex-direction: column;||justify-content: flex-end;||aspect-ratio: 1\/1;||overflow: hidden;||padding: 0 25px;||\u00bb global_colors_info=\u00bb{}\u00bb][et_pb_text admin_label=\u00bbTexto\u00bb module_class=\u00bbnombre\u00bb _builder_version=\u00bb4.24.2&#8243; _module_preset=\u00bbdefault\u00bb text_font=\u00bbrethinksans-extrabold|700|||||||\u00bb text_text_color=\u00bb#FFFFFF\u00bb text_font_size=\u00bb2em\u00bb link_option_url=\u00bbhttps:\/\/krear-t.com\/KRT-MARKETING\/contenidos\/\u00bb text_text_shadow_style=\u00bbpreset1&#8243; global_colors_info=\u00bb{}\u00bb]<\/p>\n<p>MARKETING DE CONTENIDOS<\/p>\n<p>[\/et_pb_text][et_pb_text module_class=\u00bbpuesto\u00bb _builder_version=\u00bb4.24.2&#8243; _module_preset=\u00bbdefault\u00bb text_font=\u00bbrethinksans-regular|600|||||||\u00bb text_text_color=\u00bb#FFFFFF\u00bb text_font_size=\u00bb1.2em\u00bb text_text_shadow_style=\u00bbpreset1&#8243; global_colors_info=\u00bb{}\u00bb]<\/p>\n<p>\u00a1Crea contenido de valor para tu p\u00fabico!<\/p>\n<p>[\/et_pb_text][et_pb_image src=\u00bbhttps:\/\/krear-t.com\/KRT-MARKETING\/wp-content\/uploads\/2024\/10\/pexels-canvastudio-3194519-scaled-e1729612407697.jpg\u00bb url=\u00bbhttps:\/\/krear-t.com\/KRT-MARKETING\/contenidos\/\u00bb force_fullwidth=\u00bbon\u00bb module_class=\u00bbimagen\u00bb _builder_version=\u00bb4.24.2&#8243; _module_preset=\u00bbdefault\u00bb positioning=\u00bbabsolute\u00bb z_index=\u00bb-1&#8243; global_colors_info=\u00bb{}\u00bb][\/et_pb_image][\/et_pb_column][et_pb_column type=\u00bb1_3&#8243; _builder_version=\u00bb4.24.2&#8243; _module_preset=\u00bbdefault\u00bb link_option_url=\u00bbhttps:\/\/krear-t.com\/KRT-MARKETING\/through-the-line\/\u00bb custom_css_main_element=\u00bbdisplay: flex;||flex-direction: column;||justify-content: flex-end;||aspect-ratio: 1\/1;||overflow: hidden;||padding: 0 25px;||\u00bb global_colors_info=\u00bb{}\u00bb][et_pb_text module_class=\u00bbnombre\u00bb _builder_version=\u00bb4.24.2&#8243; _module_preset=\u00bbdefault\u00bb text_font=\u00bbrethinksans-extrabold|700|||||||\u00bb text_text_color=\u00bb#FFFFFF\u00bb text_font_size=\u00bb2em\u00bb link_option_url=\u00bbhttps:\/\/krear-t.com\/KRT-MARKETING\/through-the-line\/\u00bb text_text_shadow_style=\u00bbpreset1&#8243; global_colors_info=\u00bb{}\u00bb]<\/p>\n<p>THROUGH THE LINE<\/p>\n<p>[\/et_pb_text][et_pb_text module_class=\u00bbpuesto\u00bb _builder_version=\u00bb4.24.2&#8243; _module_preset=\u00bbdefault\u00bb text_font=\u00bbrethinksans-regular|600|||||||\u00bb text_text_color=\u00bb#FFFFFF\u00bb text_font_size=\u00bb1.2em\u00bb text_text_shadow_style=\u00bbpreset1&#8243; global_colors_info=\u00bb{}\u00bb]<\/p>\n<p>\u00a1Impulsa tu marca en todos los medios!<\/p>\n<p>[\/et_pb_text][et_pb_image src=\u00bbhttps:\/\/krear-t.com\/KRT-MARKETING\/wp-content\/uploads\/2024\/10\/pexels-mikegiugliano-2376728-scaled-e1729781441324.jpg\u00bb url=\u00bbhttps:\/\/krear-t.com\/KRT-MARKETING\/through-the-line\/\u00bb force_fullwidth=\u00bbon\u00bb admin_label=\u00bbImagen\u00bb module_class=\u00bbimagen\u00bb _builder_version=\u00bb4.24.2&#8243; _module_preset=\u00bbdefault\u00bb positioning=\u00bbabsolute\u00bb z_index=\u00bb-1&#8243; global_colors_info=\u00bb{}\u00bb][\/et_pb_image][\/et_pb_column][et_pb_column type=\u00bb1_3&#8243; _builder_version=\u00bb4.24.2&#8243; _module_preset=\u00bbdefault\u00bb link_option_url=\u00bbhttps:\/\/krear-t.com\/KRT-MARKETING\/desarrollo\u00bb custom_css_main_element=\u00bbdisplay: flex;||flex-direction: column;||justify-content: flex-end;||aspect-ratio: 1\/1;||overflow: hidden;||padding: 0 25px;||\u00bb global_colors_info=\u00bb{}\u00bb][et_pb_text module_class=\u00bbnombre\u00bb _builder_version=\u00bb4.24.2&#8243; _module_preset=\u00bbdefault\u00bb text_font=\u00bbrethinksans-extrabold|700|||||||\u00bb text_text_color=\u00bb#FFFFFF\u00bb text_font_size=\u00bb2em\u00bb link_option_url=\u00bbhttps:\/\/krear-t.com\/KRT-MARKETING\/desarrollo\u00bb text_text_shadow_style=\u00bbpreset1&#8243; global_colors_info=\u00bb{}\u00bb]<\/p>\n<p>DESARROLLO WEB<\/p>\n<p>[\/et_pb_text][et_pb_text module_class=\u00bbpuesto\u00bb _builder_version=\u00bb4.24.2&#8243; _module_preset=\u00bbdefault\u00bb text_font=\u00bbrethinksans-regular|600|||||||\u00bb text_text_color=\u00bb#FFFFFF\u00bb text_font_size=\u00bb1.2em\u00bb text_text_shadow_style=\u00bbpreset1&#8243; global_colors_info=\u00bb{}\u00bb]<\/p>\n<p>\u00a1Creamos el sitio web que tu empresa merece!<\/p>\n<p>[\/et_pb_text][et_pb_image src=\u00bbhttps:\/\/krear-t.com\/KRT-MARKETING\/wp-content\/uploads\/2024\/10\/pexels-thisisengineering-3861959-scaled-e1729613370863.jpg\u00bb url=\u00bbhttps:\/\/krear-t.com\/KRT-MARKETING\/desarrollo\u00bb force_fullwidth=\u00bbon\u00bb module_class=\u00bbimagen\u00bb _builder_version=\u00bb4.24.2&#8243; _module_preset=\u00bbdefault\u00bb positioning=\u00bbabsolute\u00bb z_index=\u00bb-1&#8243; global_colors_info=\u00bb{}\u00bb][\/et_pb_image][\/et_pb_column][\/et_pb_row][\/et_pb_section][et_pb_section fb_built=\u00bb1&#8243; _builder_version=\u00bb4.24.2&#8243; _module_preset=\u00bbdefault\u00bb background_color=\u00bbrgba(0,0,0,0.32)\u00bb background_image=\u00bbhttps:\/\/krear-t.com\/KRT-MARKETING\/wp-content\/uploads\/2024\/10\/pexels-instawally-176851-scaled.jpg\u00bb background_blend=\u00bbmultiply\u00bb custom_css_main_element=\u00bbbackground-attachment: fixed;\u00bb global_colors_info=\u00bb{}\u00bb][et_pb_row column_structure=\u00bb1_2,1_2&#8243; make_equal=\u00bbon\u00bb _builder_version=\u00bb4.24.2&#8243; _module_preset=\u00bbdefault\u00bb width=\u00bb100%\u00bb max_width=\u00bb90%\u00bb global_colors_info=\u00bb{}\u00bb][et_pb_column type=\u00bb1_2&#8243; _builder_version=\u00bb4.24.2&#8243; _module_preset=\u00bbdefault\u00bb global_colors_info=\u00bb{}\u00bb][et_pb_text _builder_version=\u00bb4.24.2&#8243; _module_preset=\u00bbdefault\u00bb text_font=\u00bbrethinksans-regular|700|||||||\u00bb text_text_color=\u00bb#FFFFFF\u00bb text_font_size=\u00bb3em\u00bb text_line_height=\u00bb1.6em\u00bb global_colors_info=\u00bb{}\u00bb]<\/p>\n<p>TRABAJAMOS EN PLANES DE MARKETING QUE TE HAR\u00c1N CRECER<\/p>\n<p>[\/et_pb_text][\/et_pb_column][et_pb_column type=\u00bb1_2&#8243; _builder_version=\u00bb4.24.2&#8243; _module_preset=\u00bbdefault\u00bb custom_css_main_element=\u00bbdisplay: flex;||flex-direction: column;||justify-content: center;\u00bb global_colors_info=\u00bb{}\u00bb][et_pb_text _builder_version=\u00bb4.24.2&#8243; _module_preset=\u00bbdefault\u00bb text_font=\u00bbrethinksans-regular||||||||\u00bb text_text_color=\u00bb#FFFFFF\u00bb text_font_size=\u00bb1.3em\u00bb custom_margin=\u00bb||15px|||\u00bb global_colors_info=\u00bb{}\u00bb]<\/p>\n<p>Porque ninguna empresa es igual a otra, construimos experiencias personalizadas a las necesidades de tu marca.<\/p>\n<p>[\/et_pb_text][et_pb_text _builder_version=\u00bb4.24.2&#8243; _module_preset=\u00bbdefault\u00bb text_font=\u00bbrethinksans-regular||||||||\u00bb text_text_color=\u00bb#FFFFFF\u00bb text_font_size=\u00bb1.3em\u00bb global_colors_info=\u00bb{}\u00bb]<\/p>\n<p>\u00a1Tu imaginaci\u00f3n es el l\u00edmite!<\/p>\n<p>[\/et_pb_text][\/et_pb_column][\/et_pb_row][\/et_pb_section][et_pb_section fb_built=\u00bb1&#8243; _builder_version=\u00bb4.24.2&#8243; _module_preset=\u00bbdefault\u00bb custom_padding=\u00bb0px||0px||true|false\u00bb global_colors_info=\u00bb{}\u00bb][et_pb_row column_structure=\u00bb1_4,1_4,1_4,1_4&#8243; use_custom_gutter=\u00bbon\u00bb gutter_width=\u00bb2&#8243; make_equal=\u00bbon\u00bb _builder_version=\u00bb4.24.2&#8243; _module_preset=\u00bbdefault\u00bb width=\u00bb100%\u00bb max_width=\u00bb90%\u00bb global_colors_info=\u00bb{}\u00bb][et_pb_column type=\u00bb1_4&#8243; _builder_version=\u00bb4.24.2&#8243; _module_preset=\u00bbdefault\u00bb global_colors_info=\u00bb{}\u00bb][et_pb_text _builder_version=\u00bb4.24.2&#8243; _module_preset=\u00bbdefault\u00bb text_font=\u00bbrethinksans-regular||||||||\u00bb header_font=\u00bb|800|||||||\u00bb header_text_color=\u00bb#e09900&#8243; header_font_size=\u00bb10em\u00bb header_text_shadow_style=\u00bbpreset2&#8243; global_colors_info=\u00bb{}\u00bb]<\/p>\n<h1>01.<\/h1>\n<p>[\/et_pb_text][et_pb_text _builder_version=\u00bb4.24.2&#8243; _module_preset=\u00bbdefault\u00bb text_font=\u00bbrethinksans-regular|700|||||||\u00bb text_text_color=\u00bb#000000&#8243; text_font_size=\u00bb1.5em\u00bb global_colors_info=\u00bb{}\u00bb]<\/p>\n<p>\u00bfC\u00d3MO SE ENCUENTRA TU MARCA?<\/p>\n<p>[\/et_pb_text][et_pb_text _builder_version=\u00bb4.24.2&#8243; _module_preset=\u00bbdefault\u00bb text_font=\u00bbrethinksans-regular||||||||\u00bb text_text_color=\u00bb#000000&#8243; text_font_size=\u00bb1em\u00bb global_colors_info=\u00bb{}\u00bb]<\/p>\n<p><span>Analizamos el estatus actual de tu negocio y la forma de pensar de tu mercado. Estudiamos el contexto de tu marca para encontrar oportunidades y definir tus necesidades.<\/span><\/p>\n<p>[\/et_pb_text][\/et_pb_column][et_pb_column type=\u00bb1_4&#8243; _builder_version=\u00bb4.24.2&#8243; _module_preset=\u00bbdefault\u00bb global_colors_info=\u00bb{}\u00bb][et_pb_text _builder_version=\u00bb4.24.2&#8243; _module_preset=\u00bbdefault\u00bb text_font=\u00bbrethinksans-regular||||||||\u00bb header_font=\u00bb|800|||||||\u00bb header_text_color=\u00bb#e09900&#8243; header_font_size=\u00bb10em\u00bb header_text_shadow_style=\u00bbpreset2&#8243; global_colors_info=\u00bb{}\u00bb]<\/p>\n<h1>02.<\/h1>\n<p>[\/et_pb_text][et_pb_text _builder_version=\u00bb4.24.2&#8243; _module_preset=\u00bbdefault\u00bb text_font=\u00bbrethinksans-regular|700|||||||\u00bb text_text_color=\u00bb#000000&#8243; text_font_size=\u00bb1.5em\u00bb global_colors_info=\u00bb{}\u00bb]<\/p>\n<p>\u00bfQU\u00c9 OBJETIVOS BUSCAS?<\/p>\n<p>[\/et_pb_text][et_pb_text _builder_version=\u00bb4.24.2&#8243; _module_preset=\u00bbdefault\u00bb text_font=\u00bbrethinksans-regular||||||||\u00bb text_text_color=\u00bb#000000&#8243; text_font_size=\u00bb1em\u00bb global_colors_info=\u00bb{}\u00bb]<\/p>\n<p><span>Definimos las metas de tu negocio en su entorno digital y desarrollamos t\u00e1cticas en distintos canales para apoyar estos objetivos.<\/span><\/p>\n<p>[\/et_pb_text][\/et_pb_column][et_pb_column type=\u00bb1_4&#8243; _builder_version=\u00bb4.24.2&#8243; _module_preset=\u00bbdefault\u00bb global_colors_info=\u00bb{}\u00bb][et_pb_text _builder_version=\u00bb4.24.2&#8243; _module_preset=\u00bbdefault\u00bb text_font=\u00bbrethinksans-regular||||||||\u00bb header_font=\u00bb|800|||||||\u00bb header_text_color=\u00bb#e09900&#8243; header_font_size=\u00bb10em\u00bb header_text_shadow_style=\u00bbpreset2&#8243; global_colors_info=\u00bb{}\u00bb]<\/p>\n<h1>03.<\/h1>\n<p>[\/et_pb_text][et_pb_text _builder_version=\u00bb4.24.2&#8243; _module_preset=\u00bbdefault\u00bb text_font=\u00bbrethinksans-regular|700|||||||\u00bb text_text_color=\u00bb#000000&#8243; text_font_size=\u00bb1.5em\u00bb global_colors_info=\u00bb{}\u00bb]<\/p>\n<p>\u00bfQU\u00c9 OPORTUNIDADES EXISTEN?<\/p>\n<p>[\/et_pb_text][et_pb_text _builder_version=\u00bb4.24.2&#8243; _module_preset=\u00bbdefault\u00bb text_font=\u00bbrethinksans-regular||||||||\u00bb text_text_color=\u00bb#000000&#8243; text_font_size=\u00bb1em\u00bb global_colors_info=\u00bb{}\u00bb]<\/p>\n<p><span>Detectamos los puntos claves de tu negocio para brindarte soluciones personalizadas. Desarrollamos operaciones efectivas para generar una audiencia de calidad.<\/span><\/p>\n<p>[\/et_pb_text][\/et_pb_column][et_pb_column type=\u00bb1_4&#8243; _builder_version=\u00bb4.24.2&#8243; _module_preset=\u00bbdefault\u00bb global_colors_info=\u00bb{}\u00bb][et_pb_text _builder_version=\u00bb4.24.2&#8243; _module_preset=\u00bbdefault\u00bb text_font=\u00bbrethinksans-regular||||||||\u00bb header_font=\u00bb|800|||||||\u00bb header_text_color=\u00bb#e09900&#8243; header_font_size=\u00bb10em\u00bb header_text_shadow_style=\u00bbpreset2&#8243; global_colors_info=\u00bb{}\u00bb]<\/p>\n<h1>04.<\/h1>\n<p>[\/et_pb_text][et_pb_text _builder_version=\u00bb4.24.2&#8243; _module_preset=\u00bbdefault\u00bb text_font=\u00bbrethinksans-regular|700|||||||\u00bb text_text_color=\u00bb#000000&#8243; text_font_size=\u00bb1.5em\u00bb global_colors_info=\u00bb{}\u00bb]<\/p>\n<p>\u00bfC\u00d3MO TE AYUDAMOS A MEJORAR?<\/p>\n<p>[\/et_pb_text][et_pb_text _builder_version=\u00bb4.24.2&#8243; _module_preset=\u00bbdefault\u00bb text_font=\u00bbrethinksans-regular||||||||\u00bb text_text_color=\u00bb#000000&#8243; text_font_size=\u00bb1em\u00bb global_colors_info=\u00bb{}\u00bb]<\/p>\n<p><span>Las conversiones y resultados est\u00e1n siempre acompa\u00f1adas de un an\u00e1lisis constante. Te entregamos informes detallados para implementar mejoras continuas.<\/span><\/p>\n<p>[\/et_pb_text][\/et_pb_column][\/et_pb_row][et_pb_row _builder_version=\u00bb4.24.2&#8243; _module_preset=\u00bbdefault\u00bb global_colors_info=\u00bb{}\u00bb][et_pb_column type=\u00bb4_4&#8243; _builder_version=\u00bb4.24.2&#8243; _module_preset=\u00bbdefault\u00bb global_colors_info=\u00bb{}\u00bb][et_pb_button button_text=\u00bbCONT\u00c1CTANOS\u00bb button_alignment=\u00bbcenter\u00bb _builder_version=\u00bb4.24.2&#8243; _module_preset=\u00bbdefault\u00bb custom_button=\u00bbon\u00bb button_text_size=\u00bb1.2em\u00bb button_text_color=\u00bb#FFFFFF\u00bb button_bg_color=\u00bb#000000&#8243; button_border_width=\u00bb0px\u00bb button_border_color=\u00bbRGBA(255,255,255,0)\u00bb button_border_radius=\u00bb50px\u00bb button_font=\u00bbrethinksans-extrabold||||||||\u00bb button_use_icon=\u00bboff\u00bb custom_padding=\u00bb1%|5%|1%|5%|true|true\u00bb hover_enabled=\u00bb0&#8243; global_colors_info=\u00bb{}\u00bb button_bg_color__hover_enabled=\u00bbon|desktop\u00bb button_bg_color__hover=\u00bb#E09900&#8243; button_bg_enable_color__hover=\u00bbon\u00bb button_url=\u00bbhttp:\/\/wa.link\/853l2u\u00bb sticky_enabled=\u00bb0&#8243;][\/et_pb_button][\/et_pb_column][\/et_pb_row][\/et_pb_section]<\/p>\n","protected":false},"excerpt":{"rendered":"<p>SOMOS TU SOCIO ESTRAT\u00c9GICO EN TODA LATAM\u00bfQu\u00e9 soluciones ofrecemos?\u00a1Somos los mejores y queremos que t\u00fa tambi\u00e9n lo seas!En Krear-t Marketing 360 nos enfocamos en desarrollar soluciones personalizadas y\u00a0 entregar resultados de calidad.PRODUCCI\u00d3N AUDIOVISUAL\u00a1Impulsa tu marca de maneras creativas!POSICIONAMIENTO SEO\u00a1Posiciona tu web y genera negocio de manera org\u00e1nica!PAID MEDIA\u00a1Llega a tu cliente ideal con publicidad digital!MARKETING [&hellip;]<\/p>\n","protected":false},"author":1,"featured_media":0,"parent":0,"menu_order":0,"comment_status":"closed","ping_status":"closed","template":"","meta":{"_et_pb_use_builder":"on","_et_pb_old_content":"","_et_gb_content_width":"","footnotes":""},"class_list":["post-20","page","type-page","status-publish","hentry"],"_links":{"self":[{"href":"https:\/\/krear-t.com\/KRT-MARKETING\/wp-json\/wp\/v2\/pages\/20","targetHints":{"allow":["GET"]}}],"collection":[{"href":"https:\/\/krear-t.com\/KRT-MARKETING\/wp-json\/wp\/v2\/pages"}],"about":[{"href":"https:\/\/krear-t.com\/KRT-MARKETING\/wp-json\/wp\/v2\/types\/page"}],"author":[{"embeddable":true,"href":"https:\/\/krear-t.com\/KRT-MARKETING\/wp-json\/wp\/v2\/users\/1"}],"replies":[{"embeddable":true,"href":"https:\/\/krear-t.com\/KRT-MARKETING\/wp-json\/wp\/v2\/comments?post=20"}],"version-history":[{"count":43,"href":"https:\/\/krear-t.com\/KRT-MARKETING\/wp-json\/wp\/v2\/pages\/20\/revisions"}],"predecessor-version":[{"id":349,"href":"https:\/\/krear-t.com\/KRT-MARKETING\/wp-json\/wp\/v2\/pages\/20\/revisions\/349"}],"wp:attachment":[{"href":"https:\/\/krear-t.com\/KRT-MARKETING\/wp-json\/wp\/v2\/media?parent=20"}],"curies":[{"name":"wp","href":"https:\/\/api.w.org\/{rel}","templated":true}]}}