{"id":240,"date":"2024-10-24T15:37:45","date_gmt":"2024-10-24T15:37:45","guid":{"rendered":"https:\/\/krear-t.com\/KRT-MARKETING\/?page_id=240"},"modified":"2024-10-25T15:35:15","modified_gmt":"2024-10-25T15:35:15","slug":"contenidos","status":"publish","type":"page","link":"https:\/\/krear-t.com\/KRT-MARKETING\/contenidos\/","title":{"rendered":"Contenidos"},"content":{"rendered":"<p>[et_pb_section fb_built=\u00bb1&#8243; _builder_version=\u00bb4.24.2&#8243; _module_preset=\u00bbdefault\u00bb custom_padding=\u00bb0px||0px||true|false\u00bb global_colors_info=\u00bb{}\u00bb][et_pb_row _builder_version=\u00bb4.24.2&#8243; _module_preset=\u00bbdefault\u00bb width=\u00bb100%\u00bb max_width=\u00bb100%\u00bb custom_padding=\u00bb0px||0px||true|false\u00bb global_colors_info=\u00bb{}\u00bb][et_pb_column type=\u00bb4_4&#8243; _builder_version=\u00bb4.24.2&#8243; _module_preset=\u00bbdefault\u00bb global_colors_info=\u00bb{}\u00bb][et_pb_slider _builder_version=\u00bb4.24.2&#8243; _module_preset=\u00bbdefault\u00bb hover_transition_duration=\u00bb0ms\u00bb hover_enabled=\u00bb0&#8243; global_colors_info=\u00bb{}\u00bb custom_css_slide_button__hover_enabled=\u00bboff|desktop\u00bb sticky_enabled=\u00bb0&#8243;][et_pb_slide button_text=\u00bbCON\u00d3CENOS\u00bb use_bg_overlay=\u00bbon\u00bb use_text_overlay=\u00bboff\u00bb arrows_custom_color=\u00bb#000000&#8243; dot_nav_custom_color=\u00bb#FFFFFF\u00bb _builder_version=\u00bb4.24.2&#8243; _module_preset=\u00bbdefault\u00bb header_level=\u00bbh1&#8243; header_font=\u00bb||||||||\u00bb header_text_align=\u00bbleft\u00bb header_font_size=\u00bb3.5em\u00bb header_letter_spacing=\u00bb0px\u00bb body_font=\u00bbrethinksans-extrabold|600||on|||||\u00bb body_text_align=\u00bbleft\u00bb body_text_color=\u00bb#FFFFFF\u00bb body_font_size=\u00bb3em\u00bb body_line_height=\u00bb80px\u00bb background_color=\u00bbrgba(0,0,0,0.54)\u00bb background_enable_color=\u00bbon\u00bb background_image=\u00bbhttps:\/\/krear-t.com\/KRT-MARKETING\/wp-content\/uploads\/2024\/10\/pexels-sora-shimazaki-5673488-scaled.jpg\u00bb background_enable_image=\u00bbon\u00bb background_blend=\u00bboverlay\u00bb custom_button=\u00bbon\u00bb button_text_color=\u00bb#000000&#8243; button_bg_color=\u00bb#E09900&#8243; button_border_color=\u00bbRGBA(255,255,255,0)\u00bb button_border_radius=\u00bb50px\u00bb button_font=\u00bb|700|||||||\u00bb button_use_icon=\u00bboff\u00bb button_custom_padding=\u00bb|5%||5%|false|true\u00bb text_orientation=\u00bbleft\u00bb custom_padding=\u00bb40%||11%||false|false\u00bb hover_enabled=\u00bb0&#8243; header_font_size_tablet=\u00bb5em\u00bb header_font_size_phone=\u00bb2em\u00bb header_font_size_last_edited=\u00bbon|desktop\u00bb body_font_size_tablet=\u00bb5em\u00bb body_font_size_phone=\u00bb2em\u00bb body_font_size_last_edited=\u00bbon|phone\u00bb custom_css_main_element=\u00bbmargin-left: 0;||\u00bb custom_css_slide_title=\u00bb||\u00bb custom_css_slide_container=\u00bbwidth: 50%;||float: left;\u00bb header_text_shadow_style=\u00bbpreset4&#8243; body_text_shadow_style=\u00bbpreset1&#8243; global_colors_info=\u00bb{}\u00bb custom_css_slide_button__hover_enabled=\u00bboff|desktop\u00bb button_bg_color__hover_enabled=\u00bbon|hover\u00bb button_bg_color__hover=\u00bb#000000&#8243; button_bg_enable_color__hover=\u00bbon\u00bb button_text_color__hover_enabled=\u00bbon|desktop\u00bb button_text_color__hover=\u00bb#FFFFFF\u00bb sticky_transition=\u00bbon\u00bb button_link=\u00bbhttps:\/\/krear-t.com\/KRT-MARKETING\/nosotros\/\u00bb sticky_enabled=\u00bb0&#8243;]<\/p>\n<p>ATRAE Y SATISFACE A TUS MEJORES CLIENTES<\/p>\n<p>[\/et_pb_slide][\/et_pb_slider][\/et_pb_column][\/et_pb_row][\/et_pb_section][et_pb_section fb_built=\u00bb1&#8243; _builder_version=\u00bb4.24.2&#8243; _module_preset=\u00bbdefault\u00bb custom_padding=\u00bb0px||0px||true|false\u00bb global_colors_info=\u00bb{}\u00bb][et_pb_row column_structure=\u00bb1_2,1_2&#8243; use_custom_gutter=\u00bbon\u00bb make_equal=\u00bbon\u00bb _builder_version=\u00bb4.24.2&#8243; _module_preset=\u00bbdefault\u00bb width=\u00bb100%\u00bb max_width=\u00bb80%\u00bb global_colors_info=\u00bb{}\u00bb][et_pb_column type=\u00bb1_2&#8243; _builder_version=\u00bb4.24.2&#8243; _module_preset=\u00bbdefault\u00bb custom_css_main_element=\u00bbdisplay: flex;||flex-direction: column;||justify-content: center;\u00bb global_colors_info=\u00bb{}\u00bb][et_pb_image src=\u00bbhttps:\/\/krear-t.com\/KRT-MARKETING\/wp-content\/uploads\/2024\/10\/INBOUND.png\u00bb _builder_version=\u00bb4.24.2&#8243; _module_preset=\u00bbdefault\u00bb max_width=\u00bb250px\u00bb module_alignment=\u00bbcenter\u00bb global_colors_info=\u00bb{}\u00bb][\/et_pb_image][\/et_pb_column][et_pb_column type=\u00bb1_2&#8243; _builder_version=\u00bb4.24.2&#8243; _module_preset=\u00bbdefault\u00bb custom_css_main_element=\u00bbdisplay: flex;||flex-direction: column;||justify-content: center;\u00bb global_colors_info=\u00bb{}\u00bb][et_pb_text _builder_version=\u00bb4.24.2&#8243; _module_preset=\u00bbdefault\u00bb header_font=\u00bbrethinksans-extrabold||||||||\u00bb header_text_color=\u00bb#000000&#8243; header_font_size=\u00bb3.5em\u00bb custom_css_free_form=\u00bbselector .subrayado { ||position: relative;||}||||selector .subrayado::after {||content: \u00bb;||position: absolute;||left: 0;||right: 0;||bottom: 10px;||height: 10px;||background-color: #e09900;||z-index: -1;||}\u00bb global_colors_info=\u00bb{}\u00bb]<\/p>\n<h1>INBOUND: NUESTRA<br \/>\n<span class=\"subrayado\">ESTRATEGIA DE CONTENT<\/span><br \/>\n<span class=\"subrayado\">MARKETING<\/span><\/h1>\n<p>[\/et_pb_text][et_pb_text _builder_version=\u00bb4.24.2&#8243; _module_preset=\u00bbdefault\u00bb text_font=\u00bbrethinksans-regular||||||||\u00bb text_text_color=\u00bb#000000&#8243; text_font_size=\u00bb1.2em\u00bb global_colors_info=\u00bb{}\u00bb]<\/p>\n<p><span>La metodolog\u00eda inbound se basa en atraer a los usuarios de forma org\u00e1nica, proporcion\u00e1ndoles contenido \u00fatil que resuelva sus problemas, responda a sus preguntas y satisfaga sus necesidades.<\/span><\/p>\n<p><strong>Somos expertos en la creaci\u00f3n y distribuci\u00f3n estrat\u00e9gica de contenido valioso para atraer, retener y convertir a la audiencia en clientes satisfechos<\/strong><\/p>\n<p>[\/et_pb_text][\/et_pb_column][\/et_pb_row][\/et_pb_section][et_pb_section fb_built=\u00bb1&#8243; _builder_version=\u00bb4.24.2&#8243; _module_preset=\u00bbdefault\u00bb custom_padding=\u00bb0px||0px||true|false\u00bb locked=\u00bboff\u00bb global_colors_info=\u00bb{}\u00bb][et_pb_row use_custom_gutter=\u00bbon\u00bb make_equal=\u00bbon\u00bb _builder_version=\u00bb4.24.2&#8243; _module_preset=\u00bbdefault\u00bb width=\u00bb100%\u00bb max_width=\u00bb90%\u00bb global_colors_info=\u00bb{}\u00bb][et_pb_column type=\u00bb4_4&#8243; _builder_version=\u00bb4.24.2&#8243; _module_preset=\u00bbdefault\u00bb custom_css_main_element=\u00bbdisplay: flex;||flex-direction: column;||justify-content: center;\u00bb global_colors_info=\u00bb{}\u00bb][et_pb_text _builder_version=\u00bb4.24.2&#8243; _module_preset=\u00bbdefault\u00bb text_font=\u00bb||||||||\u00bb header_font=\u00bbrethinksans-extrabold||||||||\u00bb header_text_align=\u00bbcenter\u00bb header_text_color=\u00bb#000000&#8243; header_font_size=\u00bb4em\u00bb custom_margin=\u00bb||19px|||\u00bb custom_css_free_form=\u00bb.subrayado {||    position: relative;||}||||.subrayado::after {||    content: \u00bb;||    position: absolute;||    left: 0;||    right: 0;||    bottom: 10px;||    height: 10px;||    background-color: #e09900; ||    z-index: -1;||}\u00bb global_colors_info=\u00bb{}\u00bb]<\/p>\n<h1><span class=\"subrayado\">BENEFICIOS<\/span> DEL MARKETING DE CONTENIDOS<\/h1>\n<p>[\/et_pb_text][\/et_pb_column][\/et_pb_row][et_pb_row column_structure=\u00bb1_4,1_4,1_4,1_4&#8243; use_custom_gutter=\u00bbon\u00bb gutter_width=\u00bb1&#8243; make_equal=\u00bbon\u00bb _builder_version=\u00bb4.24.2&#8243; _module_preset=\u00bbdefault\u00bb width=\u00bb100%\u00bb max_width=\u00bb80%\u00bb module_alignment=\u00bbcenter\u00bb global_colors_info=\u00bb{}\u00bb][et_pb_column type=\u00bb1_4&#8243; _builder_version=\u00bb4.24.2&#8243; _module_preset=\u00bbdefault\u00bb custom_css_main_element=\u00bbwidth: 10% !important;||display: flex;||flex-direction: column;||justify-content: center;\u00bb global_colors_info=\u00bb{}\u00bb][et_pb_image src=\u00bbhttps:\/\/krear-t.com\/KRT-MARKETING\/wp-content\/uploads\/2024\/10\/eye_1431017.png\u00bb _builder_version=\u00bb4.24.2&#8243; _module_preset=\u00bbdefault\u00bb max_width=\u00bb50%\u00bb global_colors_info=\u00bb{}\u00bb][\/et_pb_image][\/et_pb_column][et_pb_column type=\u00bb1_4&#8243; _builder_version=\u00bb4.24.2&#8243; _module_preset=\u00bbdefault\u00bb custom_css_main_element=\u00bbwidth: 40% !important;||display: flex;||flex-direction: column;||justify-content: center;\u00bb global_colors_info=\u00bb{}\u00bb][et_pb_text _builder_version=\u00bb4.24.2&#8243; _module_preset=\u00bbdefault\u00bb text_font=\u00bbrethinksans-regular||||||||\u00bb text_text_color=\u00bb#000000&#8243; text_font_size=\u00bb1em\u00bb header_3_font=\u00bbrethinksans-extrabold|||on|||||\u00bb header_3_text_color=\u00bb#E09900&#8243; header_3_font_size=\u00bb2em\u00bb max_width=\u00bb70%\u00bb module_alignment=\u00bbcenter\u00bb global_colors_info=\u00bb{}\u00bb]<\/p>\n<h3>Atracci\u00f3n de audiencia<\/h3>\n<div class=\"row-fluid-wrapper row-depth-1 row-number-15 dnd-row\">\n<div class=\"row-fluid \">\n<div class=\"span12 widget-span widget-type-cell dnd-column\" data-widget-type=\"cell\" data-x=\"0\" data-w=\"12\">\n<div class=\"row-fluid-wrapper row-depth-1 row-number-16 dnd-row cell_16927274507799-row-0-vertical-alignment\">\n<div class=\"row-fluid \">\n<div class=\"span8 widget-span widget-type-cell dnd-column cell_169272745077912-vertical-alignment\" data-widget-type=\"cell\" data-x=\"4\" data-w=\"8\">\n<div class=\"row-fluid-wrapper row-depth-2 row-number-2 dnd-row\">\n<div class=\"row-fluid \">\n<div class=\"span12 widget-span widget-type-custom_widget dnd-module\" data-widget-type=\"custom_widget\" data-x=\"0\" data-w=\"12\">\n<div id=\"hs_cos_wrapper_module_169272745077916\" class=\"hs_cos_wrapper hs_cos_wrapper_widget hs_cos_wrapper_type_module widget-type-rich_text\" data-hs-cos-general-type=\"widget\" data-hs-cos-type=\"module\">\n<p><span>Genera inter\u00e9s y aumenta la visibilidad de tu marca para obtener nuevos seguidores.<\/span><\/p>\n<\/div>\n<\/div>\n<\/div>\n<\/div>\n<\/div>\n<\/div>\n<\/div>\n<\/div>\n<\/div>\n<\/div>\n<p>[\/et_pb_text][\/et_pb_column][et_pb_column type=\u00bb1_4&#8243; _builder_version=\u00bb4.24.2&#8243; _module_preset=\u00bbdefault\u00bb custom_css_main_element=\u00bbwidth: 10% !important;||display: flex;||flex-direction: column;||justify-content: center;\u00bb global_colors_info=\u00bb{}\u00bb][et_pb_image src=\u00bbhttps:\/\/krear-t.com\/KRT-MARKETING\/wp-content\/uploads\/2024\/10\/rompecabezas.png\u00bb _builder_version=\u00bb4.24.2&#8243; _module_preset=\u00bbdefault\u00bb max_width=\u00bb50%\u00bb global_colors_info=\u00bb{}\u00bb][\/et_pb_image][\/et_pb_column][et_pb_column type=\u00bb1_4&#8243; _builder_version=\u00bb4.24.2&#8243; _module_preset=\u00bbdefault\u00bb custom_css_main_element=\u00bbwidth: 40% !important;||display: flex;||flex-direction: column;||justify-content: center;\u00bb global_colors_info=\u00bb{}\u00bb][et_pb_text _builder_version=\u00bb4.24.2&#8243; _module_preset=\u00bbdefault\u00bb text_font=\u00bbrethinksans-regular||||||||\u00bb text_text_color=\u00bb#000000&#8243; text_font_size=\u00bb1em\u00bb header_3_font=\u00bbrethinksans-extrabold|||on|||||\u00bb header_3_text_color=\u00bb#E09900&#8243; header_3_font_size=\u00bb2em\u00bb max_width=\u00bb70%\u00bb module_alignment=\u00bbcenter\u00bb global_colors_info=\u00bb{}\u00bb]<\/p>\n<h3>confianza y credibilidad<\/h3>\n<p><span> Demuestra el conocimiento y la experiencia de tu marca en la industria.<\/span><\/p>\n<p>[\/et_pb_text][\/et_pb_column][\/et_pb_row][et_pb_row column_structure=\u00bb1_4,1_4,1_4,1_4&#8243; use_custom_gutter=\u00bbon\u00bb gutter_width=\u00bb1&#8243; make_equal=\u00bbon\u00bb _builder_version=\u00bb4.24.2&#8243; _module_preset=\u00bbdefault\u00bb width=\u00bb100%\u00bb max_width=\u00bb80%\u00bb module_alignment=\u00bbcenter\u00bb global_colors_info=\u00bb{}\u00bb][et_pb_column type=\u00bb1_4&#8243; _builder_version=\u00bb4.24.2&#8243; _module_preset=\u00bbdefault\u00bb custom_css_main_element=\u00bbwidth: 10% !important;||display: flex;||flex-direction: column;||justify-content: center;\u00bb global_colors_info=\u00bb{}\u00bb][et_pb_image src=\u00bbhttps:\/\/krear-t.com\/KRT-MARKETING\/wp-content\/uploads\/2024\/10\/trabajo-en-equipo.png\u00bb _builder_version=\u00bb4.24.2&#8243; _module_preset=\u00bbdefault\u00bb max_width=\u00bb50%\u00bb global_colors_info=\u00bb{}\u00bb][\/et_pb_image][\/et_pb_column][et_pb_column type=\u00bb1_4&#8243; _builder_version=\u00bb4.24.2&#8243; _module_preset=\u00bbdefault\u00bb custom_css_main_element=\u00bbwidth: 40% !important;||display: flex;||flex-direction: column;||justify-content: center;\u00bb global_colors_info=\u00bb{}\u00bb][et_pb_text _builder_version=\u00bb4.24.2&#8243; _module_preset=\u00bbdefault\u00bb text_font=\u00bbrethinksans-regular||||||||\u00bb text_text_color=\u00bb#000000&#8243; text_font_size=\u00bb1em\u00bb header_3_font=\u00bbrethinksans-extrabold|||on|||||\u00bb header_3_text_color=\u00bb#E09900&#8243; header_3_font_size=\u00bb2em\u00bb max_width=\u00bb70%\u00bb module_alignment=\u00bbcenter\u00bb global_colors_info=\u00bb{}\u00bb]<\/p>\n<h3>diferenciaci\u00f3n<\/h3>\n<p><span>Destaca y posici\u00f3nate como l\u00edder en la industria, al ser un referente con tu contenido.<\/span><\/p>\n<p>[\/et_pb_text][\/et_pb_column][et_pb_column type=\u00bb1_4&#8243; _builder_version=\u00bb4.24.2&#8243; _module_preset=\u00bbdefault\u00bb custom_css_main_element=\u00bbwidth: 10% !important;||display: flex;||flex-direction: column;||justify-content: center;\u00bb global_colors_info=\u00bb{}\u00bb][et_pb_image src=\u00bbhttps:\/\/krear-t.com\/KRT-MARKETING\/wp-content\/uploads\/2024\/10\/lucro.png\u00bb _builder_version=\u00bb4.24.2&#8243; _module_preset=\u00bbdefault\u00bb max_width=\u00bb50%\u00bb global_colors_info=\u00bb{}\u00bb][\/et_pb_image][\/et_pb_column][et_pb_column type=\u00bb1_4&#8243; _builder_version=\u00bb4.24.2&#8243; _module_preset=\u00bbdefault\u00bb custom_css_main_element=\u00bbwidth: 40% !important;||display: flex;||flex-direction: column;||justify-content: center;\u00bb global_colors_info=\u00bb{}\u00bb][et_pb_text _builder_version=\u00bb4.24.2&#8243; _module_preset=\u00bbdefault\u00bb text_font=\u00bbrethinksans-regular||||||||\u00bb text_text_color=\u00bb#000000&#8243; text_font_size=\u00bb1em\u00bb header_3_font=\u00bbrethinksans-extrabold|||on|||||\u00bb header_3_text_color=\u00bb#E09900&#8243; header_3_font_size=\u00bb2em\u00bb max_width=\u00bb70%\u00bb module_alignment=\u00bbcenter\u00bb global_colors_info=\u00bb{}\u00bb]<\/p>\n<h3>fidelizaci\u00f3n de clientes<\/h3>\n<p><span>Entrega contenido \u00fatil y educativo de forma continua y fortalece la relaci\u00f3n con tu marca.<\/span><\/p>\n<p>[\/et_pb_text][\/et_pb_column][\/et_pb_row][et_pb_row column_structure=\u00bb1_2,1_2&#8243; use_custom_gutter=\u00bbon\u00bb gutter_width=\u00bb1&#8243; make_equal=\u00bbon\u00bb _builder_version=\u00bb4.24.2&#8243; _module_preset=\u00bbdefault\u00bb width=\u00bb100%\u00bb max_width=\u00bb100%\u00bb module_alignment=\u00bbcenter\u00bb custom_padding=\u00bb0px||0px||true|false\u00bb global_colors_info=\u00bb{}\u00bb][et_pb_column type=\u00bb1_2&#8243; _builder_version=\u00bb4.24.2&#8243; _module_preset=\u00bbdefault\u00bb background_image=\u00bbhttps:\/\/krear-t.com\/KRT-MARKETING\/wp-content\/uploads\/2024\/10\/pexels-olly-3756679-scaled.jpg\u00bb global_colors_info=\u00bb{}\u00bb][\/et_pb_column][et_pb_column type=\u00bb1_2&#8243; _builder_version=\u00bb4.24.2&#8243; _module_preset=\u00bbdefault\u00bb background_color=\u00bb#000000&#8243; custom_css_main_element=\u00bbdisplay: flex;||flex-direction: column;||justify-content: center;||align-items: center;||align-content: center;||padding: 5%;\u00bb global_colors_info=\u00bb{}\u00bb][et_pb_text _builder_version=\u00bb4.24.2&#8243; _module_preset=\u00bbdefault\u00bb text_font=\u00bbrethinksans-extrabold||||||||\u00bb text_text_color=\u00bb#FFFFFF\u00bb text_font_size=\u00bb100px\u00bb text_line_height=\u00bb1.4em\u00bb text_orientation=\u00bbright\u00bb custom_padding=\u00bb0px||0px||true|false\u00bb global_colors_info=\u00bb{}\u00bb]\u00a1CREAMOS CONTENIDO DE <span class=\"subrayado\">VALOR<\/span>![\/et_pb_text][\/et_pb_column][\/et_pb_row][et_pb_row make_equal=\u00bbon\u00bb _builder_version=\u00bb4.24.2&#8243; _module_preset=\u00bbdefault\u00bb width=\u00bb100%\u00bb max_width=\u00bb90%\u00bb custom_padding=\u00bb0px||0px||true|false\u00bb global_colors_info=\u00bb{}\u00bb][et_pb_column type=\u00bb4_4&#8243; _builder_version=\u00bb4.24.2&#8243; _module_preset=\u00bbdefault\u00bb global_colors_info=\u00bb{}\u00bb][et_pb_text _builder_version=\u00bb4.24.2&#8243; _module_preset=\u00bbdefault\u00bb text_font=\u00bb||||||||\u00bb header_font=\u00bbrethinksans-extrabold||||||||\u00bb header_text_align=\u00bbcenter\u00bb header_text_color=\u00bb#000000&#8243; header_font_size=\u00bb4em\u00bb custom_margin=\u00bb||19px|||\u00bb custom_css_free_form=\u00bb.subrayado {||    position: relative;||}||||.subrayado::after {||    content: \u00bb;||    position: absolute;||    left: 0;||    right: 0;||    bottom: 10px;||    height: 10px;||    background-color: #e09900; ||    z-index: -1;||}||||.social {||  color: #e09900;||}\u00bb locked=\u00bboff\u00bb global_colors_info=\u00bb{}\u00bb]<\/p>\n<h1>LA <span class=\"social\">AGENCIA DE MARKETING<\/span> QUE MERECES<\/h1>\n<p>[\/et_pb_text][\/et_pb_column][\/et_pb_row][et_pb_row column_structure=\u00bb1_3,1_3,1_3&#8243; use_custom_gutter=\u00bbon\u00bb make_equal=\u00bbon\u00bb _builder_version=\u00bb4.24.2&#8243; _module_preset=\u00bbdefault\u00bb width=\u00bb100%\u00bb max_width=\u00bb90%\u00bb locked=\u00bboff\u00bb global_colors_info=\u00bb{}\u00bb][et_pb_column type=\u00bb1_3&#8243; _builder_version=\u00bb4.24.2&#8243; _module_preset=\u00bbdefault\u00bb global_colors_info=\u00bb{}\u00bb][et_pb_blurb title=\u00bbESTRATEGIA INBOUND\u00bb use_icon=\u00bbon\u00bb font_icon=\u00bb&#xf0ac;||fa||900&#8243; icon_color=\u00bb#E09900&#8243; image_icon_background_color=\u00bbRGBA(255,255,255,0)\u00bb image_icon_width=\u00bb80px\u00bb icon_alignment=\u00bbleft\u00bb icon_alignment_last_edited=\u00bboff|desktop\u00bb _builder_version=\u00bb4.24.2&#8243; _module_preset=\u00bbdefault\u00bb header_font=\u00bbrethinksans-extrabold||||||||\u00bb header_text_color=\u00bb#000000&#8243; header_font_size=\u00bb2em\u00bb body_font=\u00bbrethinksans-regular||||||||\u00bb body_font_size=\u00bb1em\u00bb global_colors_info=\u00bb{}\u00bb]<\/p>\n<p><span>Realizamos un plan de contenidos considerando las necesidades de tus clientes seg\u00fan las etapas del flywheel.<\/span><\/p>\n<p>[\/et_pb_blurb][\/et_pb_column][et_pb_column type=\u00bb1_3&#8243; _builder_version=\u00bb4.24.2&#8243; _module_preset=\u00bbdefault\u00bb global_colors_info=\u00bb{}\u00bb][et_pb_blurb title=\u00bbCONTENIDO MAILING Y LANDING PAGES\u00bb use_icon=\u00bbon\u00bb font_icon=\u00bb&#xf0e0;||fa||900&#8243; icon_color=\u00bb#E09900&#8243; image_icon_background_color=\u00bbRGBA(255,255,255,0)\u00bb image_icon_width=\u00bb80px\u00bb icon_alignment=\u00bbleft\u00bb icon_alignment_last_edited=\u00bboff|desktop\u00bb _builder_version=\u00bb4.24.2&#8243; _module_preset=\u00bbdefault\u00bb header_font=\u00bbrethinksans-extrabold||||||||\u00bb header_text_color=\u00bb#000000&#8243; header_font_size=\u00bb2em\u00bb body_font=\u00bbrethinksans-regular||||||||\u00bb body_font_size=\u00bb1em\u00bb global_colors_info=\u00bb{}\u00bb]<\/p>\n<p><span>Construimos con originalidad el mensaje que quieres entregar en tus campa\u00f1as de emails y las landing pages de tu sitio.<\/span><\/p>\n<p>[\/et_pb_blurb][\/et_pb_column][et_pb_column type=\u00bb1_3&#8243; _builder_version=\u00bb4.24.2&#8243; _module_preset=\u00bbdefault\u00bb global_colors_info=\u00bb{}\u00bb][et_pb_blurb title=\u00bbCONTENIDO PREMIUM\u00bb use_icon=\u00bbon\u00bb font_icon=\u00bb&#xe0d8;||divi||400&#8243; icon_color=\u00bb#E09900&#8243; image_icon_background_color=\u00bbRGBA(255,255,255,0)\u00bb image_icon_width=\u00bb80px\u00bb icon_alignment=\u00bbleft\u00bb icon_alignment_last_edited=\u00bboff|desktop\u00bb _builder_version=\u00bb4.24.2&#8243; _module_preset=\u00bbdefault\u00bb header_font=\u00bbrethinksans-extrabold||||||||\u00bb header_text_color=\u00bb#000000&#8243; header_font_size=\u00bb2em\u00bb body_font=\u00bbrethinksans-regular||||||||\u00bb body_font_size=\u00bb1em\u00bb global_colors_info=\u00bb{}\u00bb]<\/p>\n<p><span>Dise\u00f1amos gu\u00edas creativas para la difusi\u00f3n y el crecimiento de tu marca: Ebooks, infograf\u00edas y diversos documentos descargables.<\/span><\/p>\n<p>[\/et_pb_blurb][\/et_pb_column][\/et_pb_row][\/et_pb_section][et_pb_section fb_built=\u00bb1&#8243; _builder_version=\u00bb4.24.2&#8243; _module_preset=\u00bbdefault\u00bb background_color=\u00bbrgba(0,0,0,0.7)\u00bb background_image=\u00bbhttps:\/\/krear-t.com\/KRT-MARKETING\/wp-content\/uploads\/2024\/10\/pexels-tirachard-kumtanom-112571-733856-scaled.jpg\u00bb background_blend=\u00bbmultiply\u00bb height=\u00bb500px\u00bb custom_css_main_element=\u00bbbackground-attachment: fixed;\u00bb locked=\u00bboff\u00bb global_colors_info=\u00bb{}\u00bb][et_pb_row _builder_version=\u00bb4.24.2&#8243; _module_preset=\u00bbdefault\u00bb width=\u00bb100%\u00bb max_width=\u00bb90%\u00bb height=\u00bb100%\u00bb custom_padding=\u00bb0px||0px||true|false\u00bb custom_css_main_element=\u00bbdisplay: flex;||flex-direction: column;||justify-content: center;\u00bb border_width_all=\u00bb10px\u00bb border_color_all=\u00bb#FFFFFF\u00bb global_colors_info=\u00bb{}\u00bb][et_pb_column type=\u00bb4_4&#8243; _builder_version=\u00bb4.24.2&#8243; _module_preset=\u00bbdefault\u00bb global_colors_info=\u00bb{}\u00bb][et_pb_text _builder_version=\u00bb4.24.2&#8243; _module_preset=\u00bbdefault\u00bb text_font=\u00bbrethinksans-extrabold||||||||\u00bb text_text_color=\u00bb#E09900&#8243; text_font_size=\u00bb3em\u00bb text_orientation=\u00bbcenter\u00bb global_colors_info=\u00bb{}\u00bb]<\/p>\n<p>REDACTAMOS CONTENIDO<\/p>\n<p>[\/et_pb_text][et_pb_text _builder_version=\u00bb4.24.2&#8243; _module_preset=\u00bbdefault\u00bb text_font=\u00bbrethinksans-extrabold||||||||\u00bb text_text_color=\u00bb#FFFFFF\u00bb text_font_size=\u00bb3em\u00bb text_orientation=\u00bbcenter\u00bb global_colors_info=\u00bb{}\u00bb]<\/p>\n<p>DE VALOR PARA TU AUDIENCIA<\/p>\n<p>[\/et_pb_text][\/et_pb_column][\/et_pb_row][\/et_pb_section]<\/p>\n","protected":false},"excerpt":{"rendered":"<p>ATRAE Y SATISFACE A TUS MEJORES CLIENTESINBOUND: NUESTRA ESTRATEGIA DE CONTENT MARKETINGLa metodolog\u00eda inbound se basa en atraer a los usuarios de forma org\u00e1nica, proporcion\u00e1ndoles contenido \u00fatil que resuelva sus problemas, responda a sus preguntas y satisfaga sus necesidades. Somos expertos en la creaci\u00f3n y distribuci\u00f3n estrat\u00e9gica de contenido valioso para atraer, retener y convertir [&hellip;]<\/p>\n","protected":false},"author":1,"featured_media":0,"parent":0,"menu_order":0,"comment_status":"closed","ping_status":"closed","template":"","meta":{"_et_pb_use_builder":"on","_et_pb_old_content":"","_et_gb_content_width":"","footnotes":""},"class_list":["post-240","page","type-page","status-publish","hentry"],"_links":{"self":[{"href":"https:\/\/krear-t.com\/KRT-MARKETING\/wp-json\/wp\/v2\/pages\/240","targetHints":{"allow":["GET"]}}],"collection":[{"href":"https:\/\/krear-t.com\/KRT-MARKETING\/wp-json\/wp\/v2\/pages"}],"about":[{"href":"https:\/\/krear-t.com\/KRT-MARKETING\/wp-json\/wp\/v2\/types\/page"}],"author":[{"embeddable":true,"href":"https:\/\/krear-t.com\/KRT-MARKETING\/wp-json\/wp\/v2\/users\/1"}],"replies":[{"embeddable":true,"href":"https:\/\/krear-t.com\/KRT-MARKETING\/wp-json\/wp\/v2\/comments?post=240"}],"version-history":[{"count":13,"href":"https:\/\/krear-t.com\/KRT-MARKETING\/wp-json\/wp\/v2\/pages\/240\/revisions"}],"predecessor-version":[{"id":346,"href":"https:\/\/krear-t.com\/KRT-MARKETING\/wp-json\/wp\/v2\/pages\/240\/revisions\/346"}],"wp:attachment":[{"href":"https:\/\/krear-t.com\/KRT-MARKETING\/wp-json\/wp\/v2\/media?parent=240"}],"curies":[{"name":"wp","href":"https:\/\/api.w.org\/{rel}","templated":true}]}}