{"id":302,"date":"2024-10-24T21:51:40","date_gmt":"2024-10-24T21:51:40","guid":{"rendered":"https:\/\/krear-t.com\/KRT-MARKETING\/?page_id=302"},"modified":"2024-10-25T15:35:51","modified_gmt":"2024-10-25T15:35:51","slug":"through-the-line","status":"publish","type":"page","link":"https:\/\/krear-t.com\/KRT-MARKETING\/through-the-line\/","title":{"rendered":"Through the line"},"content":{"rendered":"<p>[et_pb_section fb_built=\u00bb1&#8243; _builder_version=\u00bb4.24.2&#8243; _module_preset=\u00bbdefault\u00bb custom_padding=\u00bb0px||0px||true|false\u00bb global_colors_info=\u00bb{}\u00bb][et_pb_row _builder_version=\u00bb4.24.2&#8243; _module_preset=\u00bbdefault\u00bb width=\u00bb100%\u00bb max_width=\u00bb100%\u00bb custom_padding=\u00bb0px||0px||true|false\u00bb global_colors_info=\u00bb{}\u00bb][et_pb_column type=\u00bb4_4&#8243; _builder_version=\u00bb4.24.2&#8243; _module_preset=\u00bbdefault\u00bb global_colors_info=\u00bb{}\u00bb][et_pb_slider _builder_version=\u00bb4.24.2&#8243; _module_preset=\u00bbdefault\u00bb hover_transition_duration=\u00bb0ms\u00bb hover_enabled=\u00bb0&#8243; global_colors_info=\u00bb{}\u00bb custom_css_slide_button__hover_enabled=\u00bboff|desktop\u00bb sticky_enabled=\u00bb0&#8243;][et_pb_slide button_text=\u00bbCON\u00d3CENOS\u00bb use_bg_overlay=\u00bbon\u00bb use_text_overlay=\u00bboff\u00bb arrows_custom_color=\u00bb#000000&#8243; dot_nav_custom_color=\u00bb#FFFFFF\u00bb _builder_version=\u00bb4.24.2&#8243; _module_preset=\u00bbdefault\u00bb header_level=\u00bbh1&#8243; header_font=\u00bb||||||||\u00bb header_text_align=\u00bbleft\u00bb header_font_size=\u00bb3.5em\u00bb header_letter_spacing=\u00bb0px\u00bb body_font=\u00bbrethinksans-extrabold|600||on|||||\u00bb body_text_align=\u00bbleft\u00bb body_text_color=\u00bb#FFFFFF\u00bb body_font_size=\u00bb3em\u00bb body_line_height=\u00bb80px\u00bb background_color=\u00bbRGBA(255,255,255,0)\u00bb background_enable_color=\u00bbon\u00bb background_image=\u00bbhttps:\/\/krear-t.com\/KRT-MARKETING\/wp-content\/uploads\/2024\/10\/pexels-mikael-blomkvist-6476260-scaled.jpg\u00bb background_enable_image=\u00bbon\u00bb background_blend=\u00bboverlay\u00bb custom_button=\u00bbon\u00bb button_text_color=\u00bb#000000&#8243; button_bg_color=\u00bb#E09900&#8243; button_border_color=\u00bbRGBA(255,255,255,0)\u00bb button_border_radius=\u00bb50px\u00bb button_font=\u00bb|700|||||||\u00bb button_use_icon=\u00bboff\u00bb button_custom_padding=\u00bb|5%||5%|false|true\u00bb text_orientation=\u00bbleft\u00bb custom_padding=\u00bb40%||11%||false|false\u00bb hover_enabled=\u00bb0&#8243; header_font_size_tablet=\u00bb5em\u00bb header_font_size_phone=\u00bb2em\u00bb header_font_size_last_edited=\u00bbon|desktop\u00bb body_font_size_tablet=\u00bb5em\u00bb body_font_size_phone=\u00bb2em\u00bb body_font_size_last_edited=\u00bbon|phone\u00bb custom_css_main_element=\u00bbmargin-left: 0;||\u00bb custom_css_slide_title=\u00bb||\u00bb custom_css_slide_container=\u00bbwidth: 50%;||float: left;\u00bb header_text_shadow_style=\u00bbpreset4&#8243; body_text_shadow_style=\u00bbpreset1&#8243; global_colors_info=\u00bb{}\u00bb custom_css_slide_button__hover_enabled=\u00bboff|desktop\u00bb button_bg_color__hover_enabled=\u00bbon|hover\u00bb button_bg_color__hover=\u00bb#000000&#8243; button_bg_enable_color__hover=\u00bbon\u00bb button_text_color__hover_enabled=\u00bbon|desktop\u00bb button_text_color__hover=\u00bb#FFFFFF\u00bb sticky_transition=\u00bbon\u00bb button_link=\u00bbhttps:\/\/krear-t.com\/KRT-MARKETING\/nosotros\/\u00bb sticky_enabled=\u00bb0&#8243;]<\/p>\n<p>llevamos tu marca hac\u00eda donde no te lo imaginas<\/p>\n<p>[\/et_pb_slide][\/et_pb_slider][\/et_pb_column][\/et_pb_row][\/et_pb_section][et_pb_section fb_built=\u00bb1&#8243; _builder_version=\u00bb4.24.2&#8243; _module_preset=\u00bbdefault\u00bb custom_padding=\u00bb0px||0px||true|false\u00bb global_colors_info=\u00bb{}\u00bb][et_pb_row _builder_version=\u00bb4.24.2&#8243; _module_preset=\u00bbdefault\u00bb global_colors_info=\u00bb{}\u00bb][et_pb_column type=\u00bb4_4&#8243; _builder_version=\u00bb4.24.2&#8243; _module_preset=\u00bbdefault\u00bb global_colors_info=\u00bb{}\u00bb][et_pb_text _builder_version=\u00bb4.24.2&#8243; _module_preset=\u00bbdefault\u00bb header_font=\u00bbrethinksans-extrabold||||||||\u00bb header_text_align=\u00bbcenter\u00bb header_text_color=\u00bb#000000&#8243; header_font_size=\u00bb4em\u00bb custom_margin=\u00bb||13px|||\u00bb custom_css_free_form=\u00bb.subrayado { ||\tposition: relative;||}||||.subrayado::after {||  content: \u00bb;||  position: absolute;||  left: 0;||  right: 0;||  bottom: 10px;||  height: 10px;||  background-color: #e09900;||  z-index: -1;||}\u00bb global_colors_info=\u00bb{}\u00bb]<\/p>\n<h1>\u00bfQU\u00c9 ES EL <span class=\"subrayado\">MARKETING TTL<\/span>?<\/h1>\n<p>[\/et_pb_text][et_pb_text _builder_version=\u00bb4.24.2&#8243; _module_preset=\u00bbdefault\u00bb text_font=\u00bbrethinksans-regular||||||||\u00bb text_text_color=\u00bb#000000&#8243; text_font_size=\u00bb1em\u00bb text_orientation=\u00bbcenter\u00bb global_colors_info=\u00bb{}\u00bb]<\/p>\n<p><strong>TTL (Through The Line)<\/strong> es una estrategia de marketing que combina elementos de Above The Line (ATL) y Below The Line (BTL) para crear un enfoque m\u00e1s integral y efectivo en la comunicaci\u00f3n con el consumidor.<\/p>\n<p>El enfoque TTL busca aprovechar lo mejor de ambos mundos, utilizando estrategias de comunicaci\u00f3n masivas y t\u00e1cticas personalizadas para maximizar el impacto, aumentar el reconocimiento de marca y fomentar la lealtad del cliente.<\/p>\n<p>[\/et_pb_text][\/et_pb_column][\/et_pb_row][\/et_pb_section][et_pb_section fb_built=\u00bb1&#8243; _builder_version=\u00bb4.24.2&#8243; _module_preset=\u00bbdefault\u00bb background_color=\u00bb#000000&#8243; custom_padding=\u00bb0px||0px||true|false\u00bb global_colors_info=\u00bb{}\u00bb][et_pb_row column_structure=\u00bb1_2,1_2&#8243; use_custom_gutter=\u00bbon\u00bb gutter_width=\u00bb1&#8243; make_equal=\u00bbon\u00bb _builder_version=\u00bb4.24.2&#8243; _module_preset=\u00bbdefault\u00bb width=\u00bb100%\u00bb max_width=\u00bb100%\u00bb custom_padding=\u00bb0px||0px||true|false\u00bb global_colors_info=\u00bb{}\u00bb][et_pb_column type=\u00bb1_2&#8243; _builder_version=\u00bb4.24.2&#8243; _module_preset=\u00bbdefault\u00bb custom_padding=\u00bb|10%||10%|false|true\u00bb custom_css_main_element=\u00bbdisplay: flex;||flex-direction: column;||justify-content: center;\u00bb global_colors_info=\u00bb{}\u00bb][et_pb_text _builder_version=\u00bb4.24.2&#8243; _module_preset=\u00bbdefault\u00bb text_font=\u00bbrethinksans-extrabold||||||||\u00bb text_text_color=\u00bb#FFFFFF\u00bb text_font_size=\u00bb4em\u00bb text_line_height=\u00bb1.5em\u00bb custom_css_free_form=\u00bb.social {||  color: #e09900;||}\u00bb global_colors_info=\u00bb{}\u00bb]<span class=\"social\">SOLUCIONES INNOVADORAS<\/span> A LA ALTURA QUE T\u00da MERECES[\/et_pb_text][\/et_pb_column][et_pb_column type=\u00bb1_2&#8243; _builder_version=\u00bb4.24.2&#8243; _module_preset=\u00bbdefault\u00bb background_image=\u00bbhttps:\/\/krear-t.com\/KRT-MARKETING\/wp-content\/uploads\/2024\/10\/pexels-n-voitkevich-8062299-scaled.jpg\u00bb global_colors_info=\u00bb{}\u00bb][\/et_pb_column][\/et_pb_row][\/et_pb_section][et_pb_section fb_built=\u00bb1&#8243; _builder_version=\u00bb4.24.2&#8243; _module_preset=\u00bbdefault\u00bb custom_padding=\u00bb0px||0px||true|false\u00bb global_colors_info=\u00bb{}\u00bb][et_pb_row column_structure=\u00bb1_3,1_3,1_3&#8243; use_custom_gutter=\u00bbon\u00bb make_equal=\u00bbon\u00bb _builder_version=\u00bb4.24.2&#8243; _module_preset=\u00bbdefault\u00bb width=\u00bb100%\u00bb max_width=\u00bb90%\u00bb locked=\u00bboff\u00bb global_colors_info=\u00bb{}\u00bb][et_pb_column type=\u00bb1_3&#8243; _builder_version=\u00bb4.24.2&#8243; _module_preset=\u00bbdefault\u00bb global_colors_info=\u00bb{}\u00bb][et_pb_image src=\u00bbhttps:\/\/krear-t.com\/KRT-MARKETING\/wp-content\/uploads\/2024\/10\/pexels-rdne-7490893-scaled.jpg\u00bb _builder_version=\u00bb4.24.2&#8243; _module_preset=\u00bbdefault\u00bb width=\u00bb100%\u00bb module_alignment=\u00bbcenter\u00bb module_alignment_last_edited=\u00bboff|desktop\u00bb global_colors_info=\u00bb{}\u00bb][\/et_pb_image][et_pb_text _builder_version=\u00bb4.24.2&#8243; _module_preset=\u00bbdefault\u00bb text_font=\u00bbrethinksans-regular|700|||||||\u00bb text_text_color=\u00bb#E09900&#8243; text_font_size=\u00bb1.5em\u00bb custom_margin=\u00bb||-1px|||\u00bb global_colors_info=\u00bb{}\u00bb]<\/p>\n<p>SAMPLING<\/p>\n<p>[\/et_pb_text][et_pb_text _builder_version=\u00bb4.24.2&#8243; _module_preset=\u00bbdefault\u00bb text_font=\u00bbrethinksans-regular||||||||\u00bb text_text_color=\u00bb#000000&#8243; text_font_size=\u00bb1em\u00bb custom_margin=\u00bb-2px|||||\u00bb global_colors_info=\u00bb{}\u00bb]<\/p>\n<p><strong>Ofrece experiencias inolvidables.<\/strong> A trav\u00e9s de estrategias de sampling, permitimos que tu audiencia pruebe tus productos de forma gratuita. Esta conexi\u00f3n directa genera confianza y fomenta la conversi\u00f3n, aumentando as\u00ed tu base de clientes.<\/p>\n<p>[\/et_pb_text][\/et_pb_column][et_pb_column type=\u00bb1_3&#8243; _builder_version=\u00bb4.24.2&#8243; _module_preset=\u00bbdefault\u00bb global_colors_info=\u00bb{}\u00bb][et_pb_image src=\u00bbhttps:\/\/krear-t.com\/KRT-MARKETING\/wp-content\/uploads\/2024\/10\/pexels-rdne-7648020-scaled.jpg\u00bb _builder_version=\u00bb4.24.2&#8243; _module_preset=\u00bbdefault\u00bb width=\u00bb100%\u00bb module_alignment=\u00bbcenter\u00bb module_alignment_last_edited=\u00bboff|desktop\u00bb global_colors_info=\u00bb{}\u00bb][\/et_pb_image][et_pb_text _builder_version=\u00bb4.24.2&#8243; _module_preset=\u00bbdefault\u00bb text_font=\u00bbrethinksans-regular|700|||||||\u00bb text_text_color=\u00bb#E09900&#8243; text_font_size=\u00bb1.5em\u00bb custom_margin=\u00bb||-1px|||\u00bb global_colors_info=\u00bb{}\u00bb]<\/p>\n<p>EVENTOS<\/p>\n<p>[\/et_pb_text][et_pb_text _builder_version=\u00bb4.24.2&#8243; _module_preset=\u00bbdefault\u00bb text_font=\u00bbrethinksans-regular||||||||\u00bb text_text_color=\u00bb#000000&#8243; text_font_size=\u00bb1em\u00bb custom_margin=\u00bb-2px|||||\u00bb global_colors_info=\u00bb{}\u00bb]<\/p>\n<p><strong>Conecta en persona.<\/strong> Organizamos eventos interactivos que permiten a tu marca brillar. Desde lanzamientos de productos hasta actividades comunitarias, cada evento crea experiencias memorables que fortalecen la relaci\u00f3n con tu p\u00fablico y elevan tu visibilidad.<\/p>\n<p>[\/et_pb_text][\/et_pb_column][et_pb_column type=\u00bb1_3&#8243; _builder_version=\u00bb4.24.2&#8243; _module_preset=\u00bbdefault\u00bb global_colors_info=\u00bb{}\u00bb][et_pb_image src=\u00bbhttps:\/\/krear-t.com\/KRT-MARKETING\/wp-content\/uploads\/2024\/10\/pexels-pixabay-358622-scaled.jpg\u00bb _builder_version=\u00bb4.24.2&#8243; _module_preset=\u00bbdefault\u00bb width=\u00bb100%\u00bb module_alignment=\u00bbcenter\u00bb module_alignment_last_edited=\u00bboff|desktop\u00bb global_colors_info=\u00bb{}\u00bb][\/et_pb_image][et_pb_text _builder_version=\u00bb4.24.2&#8243; _module_preset=\u00bbdefault\u00bb text_font=\u00bbrethinksans-regular|700|||||||\u00bb text_text_color=\u00bb#E09900&#8243; text_font_size=\u00bb1.5em\u00bb custom_margin=\u00bb||-1px|||\u00bb global_colors_info=\u00bb{}\u00bb]<\/p>\n<p>VALLAS PUBLICITARIAS<\/p>\n<p>[\/et_pb_text][et_pb_text _builder_version=\u00bb4.24.2&#8243; _module_preset=\u00bbdefault\u00bb text_font=\u00bbrethinksans-regular||||||||\u00bb text_text_color=\u00bb#000000&#8243; text_font_size=\u00bb1em\u00bb custom_margin=\u00bb-2px|||||\u00bb global_colors_info=\u00bb{}\u00bb]<\/p>\n<div class=\"row-fluid-wrapper row-depth-1 row-number-12 dnd-section dnd_area-row-3-padding dnd_area-row-3-vertical-alignment\">\n<div class=\"row-fluid \">\n<div class=\"span4 widget-span widget-type-cell dnd_area-column-28-vertical-alignment dnd_area-column-28-padding dnd-column\" data-widget-type=\"cell\" data-x=\"8\" data-w=\"4\">\n<div class=\"row-fluid-wrapper row-depth-1 row-number-18 dnd-row\">\n<div class=\"row-fluid \">\n<div class=\"span12 widget-span widget-type-custom_widget dnd-module\" data-widget-type=\"custom_widget\" data-x=\"0\" data-w=\"12\">\n<div id=\"hs_cos_wrapper_dnd_area-module-30\" class=\"hs_cos_wrapper hs_cos_wrapper_widget hs_cos_wrapper_type_module widget-type-rich_text widget-type-rich_text\" data-hs-cos-general-type=\"widget\" data-hs-cos-type=\"module\">\n<p><strong>Hazte notar.<\/strong> Dise\u00f1amos vallas publicitarias impactantes que capturan la atenci\u00f3n de los transe\u00fantes. Con mensajes claros y atractivos, nuestras vallas elevan la presencia de tu marca en el espacio p\u00fablico, dirigiendo tr\u00e1fico hacia tus productos y servicios.<\/p>\n<\/div>\n<\/div>\n<\/div>\n<\/div>\n<\/div>\n<\/div>\n<\/div>\n<p>[\/et_pb_text][\/et_pb_column][\/et_pb_row][\/et_pb_section][et_pb_section fb_built=\u00bb1&#8243; _builder_version=\u00bb4.24.2&#8243; _module_preset=\u00bbdefault\u00bb background_color=\u00bbrgba(0,0,0,0.7)\u00bb background_image=\u00bbhttps:\/\/krear-t.com\/KRT-MARKETING\/wp-content\/uploads\/2024\/10\/pexels-pavel-danilyuk-6340674-scaled.jpg\u00bb background_blend=\u00bbmultiply\u00bb height=\u00bb500px\u00bb custom_css_main_element=\u00bbbackground-attachment: fixed;\u00bb locked=\u00bboff\u00bb global_colors_info=\u00bb{}\u00bb][et_pb_row _builder_version=\u00bb4.24.2&#8243; _module_preset=\u00bbdefault\u00bb width=\u00bb100%\u00bb max_width=\u00bb90%\u00bb height=\u00bb100%\u00bb custom_padding=\u00bb0px||0px||true|false\u00bb custom_css_main_element=\u00bbdisplay: flex;||flex-direction: column;||justify-content: center;\u00bb border_width_all=\u00bb10px\u00bb border_color_all=\u00bb#FFFFFF\u00bb global_colors_info=\u00bb{}\u00bb][et_pb_column type=\u00bb4_4&#8243; _builder_version=\u00bb4.24.2&#8243; _module_preset=\u00bbdefault\u00bb global_colors_info=\u00bb{}\u00bb][et_pb_text _builder_version=\u00bb4.24.2&#8243; _module_preset=\u00bbdefault\u00bb text_font=\u00bbrethinksans-extrabold||||||||\u00bb text_text_color=\u00bb#E09900&#8243; text_font_size=\u00bb3em\u00bb text_orientation=\u00bbcenter\u00bb global_colors_info=\u00bb{}\u00bb]<\/p>\n<p>CONVERSEMOS<\/p>\n<p>[\/et_pb_text][et_pb_text _builder_version=\u00bb4.24.2&#8243; _module_preset=\u00bbdefault\u00bb text_font=\u00bbrethinksans-extrabold||||||||\u00bb text_text_color=\u00bb#FFFFFF\u00bb text_font_size=\u00bb3em\u00bb text_orientation=\u00bbcenter\u00bb global_colors_info=\u00bb{}\u00bb]<\/p>\n<p>\u00a1CRECE CON KREAR-T!<\/p>\n<p>[\/et_pb_text][\/et_pb_column][\/et_pb_row][\/et_pb_section]<\/p>\n","protected":false},"excerpt":{"rendered":"<p>llevamos tu marca hac\u00eda donde no te lo imaginas\u00bfQU\u00c9 ES EL MARKETING TTL?TTL (Through The Line) es una estrategia de marketing que combina elementos de Above The Line (ATL) y Below The Line (BTL) para crear un enfoque m\u00e1s integral y efectivo en la comunicaci\u00f3n con el consumidor. El enfoque TTL busca aprovechar lo mejor [&hellip;]<\/p>\n","protected":false},"author":1,"featured_media":0,"parent":0,"menu_order":0,"comment_status":"closed","ping_status":"closed","template":"","meta":{"_et_pb_use_builder":"on","_et_pb_old_content":"","_et_gb_content_width":"","footnotes":""},"class_list":["post-302","page","type-page","status-publish","hentry"],"_links":{"self":[{"href":"https:\/\/krear-t.com\/KRT-MARKETING\/wp-json\/wp\/v2\/pages\/302","targetHints":{"allow":["GET"]}}],"collection":[{"href":"https:\/\/krear-t.com\/KRT-MARKETING\/wp-json\/wp\/v2\/pages"}],"about":[{"href":"https:\/\/krear-t.com\/KRT-MARKETING\/wp-json\/wp\/v2\/types\/page"}],"author":[{"embeddable":true,"href":"https:\/\/krear-t.com\/KRT-MARKETING\/wp-json\/wp\/v2\/users\/1"}],"replies":[{"embeddable":true,"href":"https:\/\/krear-t.com\/KRT-MARKETING\/wp-json\/wp\/v2\/comments?post=302"}],"version-history":[{"count":6,"href":"https:\/\/krear-t.com\/KRT-MARKETING\/wp-json\/wp\/v2\/pages\/302\/revisions"}],"predecessor-version":[{"id":347,"href":"https:\/\/krear-t.com\/KRT-MARKETING\/wp-json\/wp\/v2\/pages\/302\/revisions\/347"}],"wp:attachment":[{"href":"https:\/\/krear-t.com\/KRT-MARKETING\/wp-json\/wp\/v2\/media?parent=302"}],"curies":[{"name":"wp","href":"https:\/\/api.w.org\/{rel}","templated":true}]}}