{"id":92,"date":"2023-06-12T02:32:32","date_gmt":"2023-06-12T02:32:32","guid":{"rendered":"https:\/\/krear-t.com\/studio-lab\/?page_id=92"},"modified":"2024-10-25T15:43:31","modified_gmt":"2024-10-25T15:43:31","slug":"nosotros","status":"publish","type":"page","link":"https:\/\/krear-t.com\/MURALES\/nosotros\/","title":{"rendered":"Nosotros"},"content":{"rendered":"<p>[et_pb_section fb_built=&#8221;1&#8243; admin_label=&#8221;Banner&#8221; _builder_version=&#8221;4.24.2&#8243; _module_preset=&#8221;default&#8221; custom_padding=&#8221;0px||0px||false|false&#8221; hover_enabled=&#8221;0&#8243; global_module=&#8221;563&#8243; global_colors_info=&#8221;{}&#8221; sticky_enabled=&#8221;0&#8243;][et_pb_row use_custom_gutter=&#8221;on&#8221; gutter_width=&#8221;1&#8243; make_equal=&#8221;on&#8221; _builder_version=&#8221;4.20.2&#8243; _module_preset=&#8221;default&#8221; width=&#8221;100%&#8221; max_width=&#8221;100%&#8221; custom_padding=&#8221;0px||0px||false|false&#8221; global_colors_info=&#8221;{}&#8221;][et_pb_column type=&#8221;4_4&#8243; _builder_version=&#8221;4.20.2&#8243; _module_preset=&#8221;default&#8221; custom_padding=&#8221;0px||0px||false|false&#8221; global_colors_info=&#8221;{}&#8221;][et_pb_slider use_bg_overlay=&#8221;off&#8221; use_text_overlay=&#8221;off&#8221; arrows_custom_color=&#8221;#FFFFFF&#8221; dot_nav_custom_color=&#8221;#FFFFFF&#8221; admin_label=&#8221;Deslizador&#8221; _builder_version=&#8221;4.24.2&#8243; _module_preset=&#8221;default&#8221; header_font_size=&#8221;3em&#8221; custom_button=&#8221;on&#8221; button_text_color=&#8221;#FFFFFF&#8221; button_border_radius=&#8221;3px&#8221; button_font=&#8221;metropolis-extrabold||||||||&#8221; button_rel=&#8221;off|off|off|off|off&#8221; min_height_tablet=&#8221;&#8221; min_height_phone=&#8221;400px&#8221; min_height_last_edited=&#8221;on|phone&#8221; auto=&#8221;on&#8221; hover_enabled=&#8221;0&#8243; global_colors_info=&#8221;{}&#8221; show_pagination=&#8221;off&#8221; sticky_enabled=&#8221;0&#8243;][et_pb_slide use_bg_overlay=&#8221;off&#8221; use_text_overlay=&#8221;off&#8221; arrows_custom_color=&#8221;#000000&#8243; dot_nav_custom_color=&#8221;#FFFFFF&#8221; _builder_version=&#8221;4.24.2&#8243; _module_preset=&#8221;default&#8221; header_level=&#8221;h1&#8243; header_font=&#8221;Roustel||||||||&#8221; header_text_align=&#8221;left&#8221; header_font_size=&#8221;3.5em&#8221; header_letter_spacing=&#8221;0px&#8221; body_font=&#8221;ARIAL|600||on|||||&#8221; body_text_align=&#8221;left&#8221; body_text_color=&#8221;#FFFFFF&#8221; body_font_size=&#8221;5em&#8221; body_line_height=&#8221;0.1em&#8221; background_enable_color=&#8221;off&#8221; background_image=&#8221;https:\/\/krear-t.com\/MURALES\/wp-content\/uploads\/2024\/03\/WEBHOME2024.jpg&#8221; background_enable_image=&#8221;on&#8221; background_blend=&#8221;overlay&#8221; text_orientation=&#8221;left&#8221; custom_padding=&#8221;30%||10%||false|false&#8221; header_font_size_tablet=&#8221;5em&#8221; header_font_size_phone=&#8221;2em&#8221; header_font_size_last_edited=&#8221;on|desktop&#8221; body_font_size_tablet=&#8221;&#8221; body_font_size_phone=&#8221;2em&#8221; body_font_size_last_edited=&#8221;on|phone&#8221; custom_css_main_element=&#8221;margin-left: 0;||&#8221; custom_css_slide_title=&#8221;width: 100%;||&#8221; header_text_shadow_style=&#8221;preset4&#8243; body_text_shadow_style=&#8221;preset1&#8243; global_colors_info=&#8221;{}&#8221; custom_css_slide_button__hover=&#8221;box-shadow: 3px 0px 10px 4px rgba(0,255,30,0.5), -3px 0px 10px 4px rgba(0,255,30,0.5);&#8221; custom_css_slide_button__hover_enabled=&#8221;on|hover&#8221; sticky_transition=&#8221;on&#8221;]<\/p>\n<p>INSPIRA<\/p>\n<p>DECORA<\/p>\n<p>TRANSFORMA<\/p>\n<p>[\/et_pb_slide][et_pb_slide use_bg_overlay=&#8221;off&#8221; use_text_overlay=&#8221;off&#8221; _builder_version=&#8221;4.24.2&#8243; _module_preset=&#8221;default&#8221; header_level=&#8221;h1&#8243; header_font=&#8221;Roustel||||||||&#8221; header_text_align=&#8221;left&#8221; header_font_size=&#8221;3.5em&#8221; header_letter_spacing=&#8221;0px&#8221; body_font=&#8221;TYPOLD-BOLD|600||on|||||&#8221; body_text_align=&#8221;left&#8221; body_text_color=&#8221;#FFFFFF&#8221; body_font_size=&#8221;5em&#8221; body_line_height=&#8221;0.1em&#8221; background_enable_color=&#8221;off&#8221; background_image=&#8221;https:\/\/krear-t.com\/MURALES\/wp-content\/uploads\/2024\/03\/WEBHOME202444.jpg&#8221; background_enable_image=&#8221;on&#8221; background_blend=&#8221;overlay&#8221; text_orientation=&#8221;left&#8221; width=&#8221;100%&#8221; max_width=&#8221;100%&#8221; custom_padding=&#8221;30%||10%||false|false&#8221; header_font_size_tablet=&#8221;5em&#8221; header_font_size_phone=&#8221;2em&#8221; header_font_size_last_edited=&#8221;on|desktop&#8221; body_font_size_tablet=&#8221;&#8221; body_font_size_phone=&#8221;2em&#8221; body_font_size_last_edited=&#8221;on|phone&#8221; custom_css_main_element=&#8221;margin-left: 0;||&#8221; custom_css_slide_title=&#8221;width: 100%;||&#8221; header_text_shadow_style=&#8221;preset4&#8243; body_text_shadow_style=&#8221;preset1&#8243; global_colors_info=&#8221;{}&#8221; custom_css_slide_button__hover=&#8221;box-shadow: 3px 0px 10px 4px rgba(0,255,30,0.5), -3px 0px 10px 4px rgba(0,255,30,0.5);&#8221; custom_css_slide_button__hover_enabled=&#8221;on|hover&#8221; sticky_transition=&#8221;on&#8221;]<\/p>\n<p>DISE\u00d1OS<\/p>\n<p>EXCLUSIVOS<\/p>\n<p>[\/et_pb_slide][et_pb_slide use_bg_overlay=&#8221;off&#8221; use_text_overlay=&#8221;off&#8221; _builder_version=&#8221;4.24.2&#8243; _module_preset=&#8221;default&#8221; header_level=&#8221;h1&#8243; header_font=&#8221;Roustel||||||||&#8221; header_text_align=&#8221;left&#8221; header_font_size=&#8221;3.5em&#8221; header_letter_spacing=&#8221;0px&#8221; body_font=&#8221;TYPOLD-BOLD|600||on|||||&#8221; body_text_align=&#8221;left&#8221; body_text_color=&#8221;#FFFFFF&#8221; body_font_size=&#8221;5em&#8221; body_line_height=&#8221;0.1em&#8221; background_enable_color=&#8221;off&#8221; background_image=&#8221;https:\/\/krear-t.com\/MURALES\/wp-content\/uploads\/2024\/03\/WEBHOME20244.jpg&#8221; background_enable_image=&#8221;on&#8221; background_blend=&#8221;overlay&#8221; text_orientation=&#8221;left&#8221; width=&#8221;100%&#8221; max_width=&#8221;100%&#8221; custom_padding=&#8221;30%||10%||false|false&#8221; header_font_size_tablet=&#8221;5em&#8221; header_font_size_phone=&#8221;2em&#8221; header_font_size_last_edited=&#8221;on|desktop&#8221; body_font_size_tablet=&#8221;&#8221; body_font_size_phone=&#8221;2em&#8221; body_font_size_last_edited=&#8221;on|phone&#8221; custom_css_main_element=&#8221;margin-left: 0;||&#8221; custom_css_slide_title=&#8221;width: 100%;||&#8221; header_text_shadow_style=&#8221;preset4&#8243; body_text_shadow_style=&#8221;preset1&#8243; global_colors_info=&#8221;{}&#8221; custom_css_slide_button__hover=&#8221;box-shadow: 3px 0px 10px 4px rgba(0,255,30,0.5), -3px 0px 10px 4px rgba(0,255,30,0.5);&#8221; custom_css_slide_button__hover_enabled=&#8221;on|hover&#8221; sticky_transition=&#8221;on&#8221;]<\/p>\n<p>WE HAVE<\/p>\n<p>DREAMED BIG<\/p>\n<p>[\/et_pb_slide][\/et_pb_slider][\/et_pb_column][\/et_pb_row][\/et_pb_section][et_pb_section fb_built=&#8221;1&#8243; admin_label=&#8221;Franja Negra&#8221; _builder_version=&#8221;4.24.2&#8243; _module_preset=&#8221;default&#8221; custom_padding=&#8221;0px|0px|0px|0px|true|true&#8221; global_colors_info=&#8221;{}&#8221;][et_pb_row _builder_version=&#8221;4.24.2&#8243; _module_preset=&#8221;default&#8221; background_color=&#8221;#000000&#8243; width=&#8221;100%&#8221; max_width=&#8221;100%&#8221; module_alignment=&#8221;center&#8221; custom_padding=&#8221;0px||0px||true|false&#8221; global_colors_info=&#8221;{}&#8221;][et_pb_column type=&#8221;4_4&#8243; _builder_version=&#8221;4.21.0&#8243; _module_preset=&#8221;default&#8221; global_colors_info=&#8221;{}&#8221;][et_pb_text admin_label=&#8221;Texto&#8221; _builder_version=&#8221;4.24.2&#8243; _module_preset=&#8221;default&#8221; text_font=&#8221;ARIAL|500|||||||&#8221; text_text_color=&#8221;#FFFFFF&#8221; text_font_size=&#8221;1.5em&#8221; text_letter_spacing=&#8221;1px&#8221; text_line_height=&#8221;0.1em&#8221; text_orientation=&#8221;center&#8221; custom_padding=&#8221;2%||2%||true|false&#8221; custom_padding_tablet=&#8221;2%||2%||true|false&#8221; custom_padding_phone=&#8221;4%||4%||true|false&#8221; custom_padding_last_edited=&#8221;on|phone&#8221; text_font_size_tablet=&#8221;1.5em&#8221; text_font_size_phone=&#8221;0.9em&#8221; text_font_size_last_edited=&#8221;on|phone&#8221; global_colors_info=&#8221;{}&#8221;]<\/p>\n<p>Vive una experiencia \u00fanica en dise\u00f1o de interiores<\/p>\n<p>Dormitorios\/ Kids \/ Comedor \/ Cocina \/ Oficina \/ Cuadros<\/p>\n<p>[\/et_pb_text][\/et_pb_column][\/et_pb_row][\/et_pb_section][et_pb_section fb_built=&#8221;1&#8243; _builder_version=&#8221;4.20.2&#8243; _module_preset=&#8221;default&#8221; custom_padding=&#8221;0px||0px||true|false&#8221; global_colors_info=&#8221;{}&#8221;][et_pb_row _builder_version=&#8221;4.20.2&#8243; _module_preset=&#8221;default&#8221; global_colors_info=&#8221;{}&#8221;][et_pb_column type=&#8221;4_4&#8243; _builder_version=&#8221;4.20.2&#8243; _module_preset=&#8221;default&#8221; global_colors_info=&#8221;{}&#8221;][et_pb_text _builder_version=&#8221;4.24.2&#8243; _module_preset=&#8221;default&#8221; text_font=&#8221;ARIAL|500|||||||&#8221; text_text_color=&#8221;#000000&#8243; text_font_size=&#8221;1.5em&#8221; text_orientation=&#8221;center&#8221; text_font_size_tablet=&#8221;1.5em&#8221; text_font_size_phone=&#8221;14px&#8221; text_font_size_last_edited=&#8221;on|phone&#8221; global_colors_info=&#8221;{}&#8221; text_letter_spacing__hover_enabled=&#8221;on|desktop&#8221;]<\/p>\n<p>\u00bfQUIENES SOMOS?<\/p>\n<p>Nos dedicamos a transformar espacios en experiencias cautivadoras.<br \/>Con una pasi\u00f3n por el dise\u00f1o interior y un compromiso con la excelencia,<br \/>llevamos la visi\u00f3n de nuestros clientes a la vida,<\/p>\n<p>Nuestro equipo combina la creatividad y habilidad t\u00e9cnica para crear ambientes que inspiran y deleitan.<br \/>Nos enorgullecemos de ofrecer soluciones innovadoras y personalizadas que reflejen<br \/>el estilo y la personalidad \u00fanicos de cada cliente.<\/p>\n<p>En MURALES, creemos en la importancia de la colaboraci\u00f3n y la comunicaci\u00f3n abierta.<br \/>Trabajamos estrechamente con nuestros clientes en cada etapa del proceso, desde la consulta inicial<br \/>hasta la instalaci\u00f3n final, para garantizar que sus visiones se hagan realidad de manera impecable.<\/p>\n<p>Ya sea que est\u00e9 buscando transformar una sola habitaci\u00f3n o renovar un espacio completo,<br \/>estamos aqu\u00ed para ayudarle a alcanzar sus objetivos de dise\u00f1o con estilo y sofisticaci\u00f3n.<br \/>Perm\u00edtanos ser su socio en el viaje hacia un hogar o negocio m\u00e1s hermoso y funcional.<\/p>\n<p>[\/et_pb_text][\/et_pb_column][\/et_pb_row][et_pb_row _builder_version=&#8221;4.20.2&#8243; _module_preset=&#8221;default&#8221; global_colors_info=&#8221;{}&#8221;][et_pb_column type=&#8221;4_4&#8243; _builder_version=&#8221;4.20.2&#8243; _module_preset=&#8221;default&#8221; global_colors_info=&#8221;{}&#8221;][et_pb_image src=&#8221;https:\/\/krear-t.com\/MURALES\/wp-content\/uploads\/2024\/03\/WEBCUADROS.jpg&#8221; align=&#8221;center&#8221; _builder_version=&#8221;4.24.2&#8243; _module_preset=&#8221;default&#8221; global_colors_info=&#8221;{}&#8221;][\/et_pb_image][\/et_pb_column][\/et_pb_row][\/et_pb_section]<\/p>\n","protected":false},"excerpt":{"rendered":"<p>INSPIRA DECORA TRANSFORMADISE\u00d1OS EXCLUSIVOSWE HAVE DREAMED BIGVive una experiencia \u00fanica en dise\u00f1o de interiores Dormitorios\/ Kids \/ Comedor \/ Cocina \/ Oficina \/ Cuadros\u00bfQUIENES SOMOS? Nos dedicamos a transformar espacios en experiencias cautivadoras.Con una pasi\u00f3n por el dise\u00f1o interior y un compromiso con la excelencia,llevamos la visi\u00f3n de nuestros clientes a la vida, Nuestro equipo [&hellip;]<\/p>\n","protected":false},"author":1,"featured_media":0,"parent":0,"menu_order":0,"comment_status":"closed","ping_status":"closed","template":"","meta":{"_et_pb_use_builder":"on","_et_pb_old_content":"","_et_gb_content_width":"","footnotes":""},"class_list":["post-92","page","type-page","status-publish","hentry"],"_links":{"self":[{"href":"https:\/\/krear-t.com\/MURALES\/wp-json\/wp\/v2\/pages\/92","targetHints":{"allow":["GET"]}}],"collection":[{"href":"https:\/\/krear-t.com\/MURALES\/wp-json\/wp\/v2\/pages"}],"about":[{"href":"https:\/\/krear-t.com\/MURALES\/wp-json\/wp\/v2\/types\/page"}],"author":[{"embeddable":true,"href":"https:\/\/krear-t.com\/MURALES\/wp-json\/wp\/v2\/users\/1"}],"replies":[{"embeddable":true,"href":"https:\/\/krear-t.com\/MURALES\/wp-json\/wp\/v2\/comments?post=92"}],"version-history":[{"count":24,"href":"https:\/\/krear-t.com\/MURALES\/wp-json\/wp\/v2\/pages\/92\/revisions"}],"predecessor-version":[{"id":1024,"href":"https:\/\/krear-t.com\/MURALES\/wp-json\/wp\/v2\/pages\/92\/revisions\/1024"}],"wp:attachment":[{"href":"https:\/\/krear-t.com\/MURALES\/wp-json\/wp\/v2\/media?parent=92"}],"curies":[{"name":"wp","href":"https:\/\/api.w.org\/{rel}","templated":true}]}}