{"id":1792,"date":"2023-06-27T00:16:02","date_gmt":"2023-06-27T00:16:02","guid":{"rendered":"https:\/\/krear-t.com\/web\/?post_type=product&#038;p=1792"},"modified":"2023-08-09T22:05:38","modified_gmt":"2023-08-09T22:05:38","slug":"mesa-stand-promo","status":"publish","type":"product","link":"https:\/\/krear-t.com\/web\/producto\/mesa-stand-promo\/","title":{"rendered":"Mesa Stand Promo"},"content":{"rendered":"<ul>\n<li>Mesa promocional pl\u00e1stica con r\u00f3tulo<\/li>\n<li>Gr\u00e1fica full color en vinilo laminado para poder limpiar<\/li>\n<\/ul>\n","protected":false},"excerpt":{"rendered":"<p>Mesa promocional pl\u00e1stica con r\u00f3tulo Gr\u00e1fica full color en vinilo laminado para poder limpiar<\/p>\n","protected":false},"featured_media":2487,"template":"","meta":{"_et_pb_use_builder":"","_et_pb_old_content":"","_et_gb_content_width":"","inline_featured_image":false},"product_cat":[43],"product_tag":[],"class_list":{"0":"post-1792","1":"product","2":"type-product","3":"status-publish","4":"has-post-thumbnail","6":"product_cat-mesas-promocionales","8":"first","9":"instock","10":"shipping-taxable","11":"purchasable","12":"product-type-simple"},"jetpack_sharing_enabled":true,"_links":{"self":[{"href":"https:\/\/krear-t.com\/web\/wp-json\/wp\/v2\/product\/1792","targetHints":{"allow":["GET"]}}],"collection":[{"href":"https:\/\/krear-t.com\/web\/wp-json\/wp\/v2\/product"}],"about":[{"href":"https:\/\/krear-t.com\/web\/wp-json\/wp\/v2\/types\/product"}],"wp:featuredmedia":[{"embeddable":true,"href":"https:\/\/krear-t.com\/web\/wp-json\/wp\/v2\/media\/2487"}],"wp:attachment":[{"href":"https:\/\/krear-t.com\/web\/wp-json\/wp\/v2\/media?parent=1792"}],"wp:term":[{"taxonomy":"product_cat","embeddable":true,"href":"https:\/\/krear-t.com\/web\/wp-json\/wp\/v2\/product_cat?post=1792"},{"taxonomy":"product_tag","embeddable":true,"href":"https:\/\/krear-t.com\/web\/wp-json\/wp\/v2\/product_tag?post=1792"}],"curies":[{"name":"wp","href":"https:\/\/api.w.org\/{rel}","templated":true}]}}